{"id":3057,"date":"2025-06-11T10:57:09","date_gmt":"2025-06-11T15:57:09","guid":{"rendered":"https:\/\/enlinea.unsch.edu.pe\/?page_id=3057"},"modified":"2025-11-20T14:15:56","modified_gmt":"2025-11-20T19:15:56","slug":"planes-estudio","status":"publish","type":"page","link":"https:\/\/enlinea.unsch.edu.pe\/index.php\/planes-estudio\/","title":{"rendered":"planes-estudio"},"content":{"rendered":"<p>[et_pb_section fb_built=\u00bb1&#8243; _builder_version=\u00bb4.27.4&#8243; _module_preset=\u00bbdefault\u00bb custom_padding=\u00bb0px||0px||true|false\u00bb global_colors_info=\u00bb{}\u00bb da_is_popup=\u00bboff\u00bb da_exit_intent=\u00bboff\u00bb da_has_close=\u00bbon\u00bb da_alt_close=\u00bboff\u00bb da_dark_close=\u00bboff\u00bb da_not_modal=\u00bbon\u00bb da_is_singular=\u00bboff\u00bb da_with_loader=\u00bboff\u00bb da_has_shadow=\u00bbon\u00bb da_disable_devices=\u00bboff|off|off\u00bb][et_pb_row _builder_version=\u00bb4.27.4&#8243; _module_preset=\u00bbdefault\u00bb width_tablet=\u00bb50%\u00bb width_phone=\u00bb50%\u00bb width_last_edited=\u00bbon|phone\u00bb custom_margin=\u00bb||||false|false\u00bb custom_padding=\u00bb30px||30px||true|false\u00bb global_colors_info=\u00bb{}\u00bb][et_pb_column type=\u00bb4_4&#8243; _builder_version=\u00bb4.27.4&#8243; _module_preset=\u00bbdefault\u00bb global_colors_info=\u00bb{}\u00bb][et_pb_image src=\u00bbhttps:\/\/enlinea.unsch.edu.pe\/wp-content\/uploads\/2025\/06\/logo-unch-en-blanco-horizontal-png.png\u00bb title_text=\u00bblogo unch en blanco horizontal png\u00bb url=\u00bbhttps:\/\/enlinea.unsch.edu.pe\/index.php\u00bb align=\u00bbcenter\u00bb _builder_version=\u00bb4.27.4&#8243; _module_preset=\u00bbdefault\u00bb width=\u00bb30%\u00bb global_colors_info=\u00bb{}\u00bb][\/et_pb_image][\/et_pb_column][\/et_pb_row][et_pb_row _builder_version=\u00bb4.27.4&#8243; _module_preset=\u00bbdefault\u00bb background_color=\u00bb#5c0000&#8243; border_radii=\u00bbon|20px|20px|20px|20px\u00bb global_colors_info=\u00bb{}\u00bb][et_pb_column type=\u00bb4_4&#8243; _builder_version=\u00bb4.27.4&#8243; _module_preset=\u00bbdefault\u00bb global_colors_info=\u00bb{}\u00bb][et_pb_heading title=\u00bbPlanes de estudio\u00bb _builder_version=\u00bb4.27.4&#8243; _module_preset=\u00bbdefault\u00bb title_font=\u00bbGeometra|||on|||||\u00bb title_text_align=\u00bbcenter\u00bb title_text_color=\u00bb#FFFFFF\u00bb title_text_shadow_style=\u00bbpreset3&#8243; title_text_shadow_color=\u00bb#000000&#8243; text_shadow_style=\u00bbpreset3&#8243; text_shadow_color=\u00bb#000000&#8243; global_colors_info=\u00bb{}\u00bb][\/et_pb_heading][\/et_pb_column][\/et_pb_row][\/et_pb_section][et_pb_section fb_built=\u00bb1&#8243; _builder_version=\u00bb4.27.4&#8243; _module_preset=\u00bbdefault\u00bb custom_padding=\u00bb0px||0px||true|false\u00bb global_colors_info=\u00bb{}\u00bb da_is_popup=\u00bboff\u00bb da_exit_intent=\u00bboff\u00bb da_has_close=\u00bbon\u00bb da_alt_close=\u00bboff\u00bb da_dark_close=\u00bboff\u00bb da_not_modal=\u00bbon\u00bb da_is_singular=\u00bboff\u00bb da_with_loader=\u00bboff\u00bb da_has_shadow=\u00bbon\u00bb da_disable_devices=\u00bboff|off|off\u00bb][et_pb_row _builder_version=\u00bb4.27.4&#8243; _module_preset=\u00bbdefault\u00bb hover_enabled=\u00bb0&#8243; global_colors_info=\u00bb{}\u00bb sticky_enabled=\u00bb0&#8243;][et_pb_column type=\u00bb4_4&#8243; _builder_version=\u00bb4.27.4&#8243; _module_preset=\u00bbdefault\u00bb global_colors_info=\u00bb{}\u00bb][et_pb_code _builder_version=\u00bb4.27.4&#8243; _module_preset=\u00bbdefault\u00bb hover_enabled=\u00bb0&#8243; global_colors_info=\u00bb{}\u00bb sticky_enabled=\u00bb0&#8243;]<\/p>\n<table style=\"width: 100%; border-collapse: collapse; font-family: sans-serif;\"><!-- [et_pb_line_break_holder] -->  <\/p>\n<thead><!-- [et_pb_line_break_holder] -->    <\/p>\n<tr><!-- [et_pb_line_break_holder] -->      <\/p>\n<th style=\"padding: 10px; border-bottom: 2px solid #ccc;\">N\u00b0<\/th>\n<p><!-- [et_pb_line_break_holder] -->      <\/p>\n<th style=\"padding: 10px; border-bottom: 2px solid #ccc;\">Plan de Estudio<\/th>\n<p><!-- [et_pb_line_break_holder] -->      <\/p>\n<th style=\"padding: 10px; border-bottom: 2px solid #ccc;\">Descargar PDF<\/th>\n<p><!-- [et_pb_line_break_holder] -->    <\/tr>\n<p><!-- [et_pb_line_break_holder] -->  <\/thead>\n<p><!-- [et_pb_line_break_holder] -->  <\/p>\n<tbody><!-- [et_pb_line_break_holder] --><!-- [et_pb_line_break_holder] -->    <!-- Facultad de Ingenier\u00eda Qu\u00edmica y Metalurgia --><!-- [et_pb_line_break_holder] -->    <\/p>\n<tr>\n<td colspan=\"3\" style=\"padding: 10px; background: #f0f0f0; font-weight: bold;\">Facultad de Ingenier\u00eda Qu\u00edmica y Metalurgia<\/td>\n<\/tr>\n<p><!-- [et_pb_line_break_holder] -->    <\/p>\n<tr>\n<td>1<\/td>\n<td>Curr\u00edculo 2018 \u2013 Ingenier\u00eda Qu\u00edmica<\/td>\n<td><a href=\"https:\/\/enlinea.unsch.edu.pe\/wp-content\/uploads\/2025\/11\/17-INGENIERIA-QUIMICA-2018-R.pdf\" target=\"_blank\">Ver PDF<\/a><\/td>\n<\/tr>\n<p><!-- [et_pb_line_break_holder] -->    <\/p>\n<tr>\n<td>2<\/td>\n<td>Curr\u00edculo 2018 \u2013 Ingenier\u00eda en Industrias Alimentarias<\/td>\n<td><a href=\"https:\/\/enlinea.unsch.edu.pe\/wp-content\/uploads\/2025\/11\/19-INGENIERA-EN-INDUSTRIAS-ALIMENTARIAS-2018-R.pdf\" target=\"_blank\">Ver PDF<\/a><\/td>\n<\/tr>\n<p><!-- [et_pb_line_break_holder] -->    <\/p>\n<tr>\n<td>3<\/td>\n<td>Curr\u00edculo 2018 \u2013 Ingenier\u00eda Agroindustrial<\/td>\n<td><a href=\"https:\/\/enlinea.unsch.edu.pe\/wp-content\/uploads\/2025\/11\/22-INGENIERIA-AGROINDUSTRIAL-2018-R.pdf\" target=\"_blank\">Ver PDF<\/a><\/td>\n<\/tr>\n<p><!-- [et_pb_line_break_holder] --><!-- [et_pb_line_break_holder] -->    <!-- Facultad de Ciencias Sociales --><!-- [et_pb_line_break_holder] -->    <\/p>\n<tr>\n<td colspan=\"3\" style=\"padding: 10px; background: #f0f0f0; font-weight: bold;\">Facultad de Ciencias Sociales<\/td>\n<\/tr>\n<p><!-- [et_pb_line_break_holder] -->    <\/p>\n<tr>\n<td>4<\/td>\n<td>Curr\u00edculo 2018 \u2013 Trabajo Social<\/td>\n<td><a href=\"https:\/\/enlinea.unsch.edu.pe\/wp-content\/uploads\/2025\/06\/PROGRAMA_P20_CURRICULO-TRABAJO-SOCIAL.pdf\" target=\"_blank\">Ver PDF<\/a><\/td>\n<\/tr>\n<p><!-- [et_pb_line_break_holder] -->    <\/p>\n<tr>\n<td>5<\/td>\n<td>Curr\u00edculo 2018 \u2013 Antropolog\u00eda Social<\/td>\n<td><a href=\"https:\/\/enlinea.unsch.edu.pe\/wp-content\/uploads\/2025\/11\/10-ANTROPOLOGIA-SOCIAL-2018-R.pdf\" target=\"_blank\">Ver PDF<\/a><\/td>\n<\/tr>\n<p><!-- [et_pb_line_break_holder] -->    <\/p>\n<tr>\n<td>6<\/td>\n<td>Curr\u00edculo 2018 \u2013 Ciencias de la Comunicaci\u00f3n<\/td>\n<td><a href=\"https:\/\/enlinea.unsch.edu.pe\/wp-content\/uploads\/2025\/11\/23-CIENCIAS-DE-LA-COMUNICACION-2018-R.pdf\" target=\"_blank\">Ver PDF<\/a><\/td>\n<\/tr>\n<p><!-- [et_pb_line_break_holder] -->    <\/p>\n<tr>\n<td>7<\/td>\n<td>Curr\u00edculo 2018 \u2013 Arqueolog\u00eda e Historia (Arq)<\/td>\n<td><a href=\"https:\/\/enlinea.unsch.edu.pe\/wp-content\/uploads\/2025\/06\/PROGRAMA_P18_CURRICULO-ARQUEOLOGIA-E-HISTORIA_ARQUEOLOGIA.pdf\" target=\"_blank\">Ver PDF<\/a><\/td>\n<\/tr>\n<p><!-- [et_pb_line_break_holder] -->        <\/p>\n<tr>\n<td>7<\/td>\n<td>Curr\u00edculo 2018 \u2013 Arqueolog\u00eda e Historia (His)<\/td>\n<td><a href=\"https:\/\/enlinea.unsch.edu.pe\/wp-content\/uploads\/2025\/06\/PROGRAMA_P19_CURRICULO-ARQUEOLOGIA-E-HISTORIA_HISTORIA.pdf\" target=\"_blank\">Ver PDF<\/a><\/td>\n<\/tr>\n<p><!-- [et_pb_line_break_holder] --><!-- [et_pb_line_break_holder] -->    <!-- Facultad de Ingenier\u00eda de Minas, Geolog\u00eda y Civil --><!-- [et_pb_line_break_holder] -->    <\/p>\n<tr>\n<td colspan=\"3\" style=\"padding: 10px; background: #f0f0f0; font-weight: bold;\">Facultad de Ingenier\u00eda de Minas, Geolog\u00eda y Civil<\/td>\n<\/tr>\n<p><!-- [et_pb_line_break_holder] -->    <\/p>\n<tr>\n<td>8<\/td>\n<td>Curr\u00edculo 2018 \u2013 Ingenier\u00eda de Minas<\/td>\n<td><a href=\"https:\/\/enlinea.unsch.edu.pe\/wp-content\/uploads\/2025\/11\/15-INGENIERIA-DE-MINAS-2018-R.pdf\" target=\"_blank\">Ver PDF<\/a><\/td>\n<\/tr>\n<p><!-- [et_pb_line_break_holder] -->    <\/p>\n<tr>\n<td>9<\/td>\n<td>Curr\u00edculo 2018 \u2013 Ingenier\u00eda Civil<\/td>\n<td><a href=\"https:\/\/enlinea.unsch.edu.pe\/wp-content\/uploads\/2025\/06\/PROGRAMA_P24_CURRICULO-INGENIERIA-CIVIL.pdf\" target=\"_blank\">Ver PDF<\/a><\/td>\n<\/tr>\n<p><!-- [et_pb_line_break_holder] -->    <\/p>\n<tr>\n<td>10<\/td>\n<td>Curr\u00edculo 2018 \u2013 Ingenier\u00eda de Sistemas<\/td>\n<td><a href=\"https:\/\/enlinea.unsch.edu.pe\/wp-content\/uploads\/2025\/06\/PROGRAMA_P35_CURRICULO-INGENIERIA-DE-SISTEMAS.pdf\" target=\"_blank\">Ver PDF<\/a><\/td>\n<\/tr>\n<p><!-- [et_pb_line_break_holder] -->    <\/p>\n<tr>\n<td>11<\/td>\n<td>Curr\u00edculo 2018 \u2013 Ciencias F\u00edsico-Matem\u00e1ticas (F\u00edsica)<\/td>\n<td><a href=\"https:\/\/enlinea.unsch.edu.pe\/wp-content\/uploads\/2025\/06\/PROGRAMA_P33_CURRICULO-FISICA.pdf\" target=\"_blank\">Ver PDF<\/a><\/td>\n<\/tr>\n<p><!-- [et_pb_line_break_holder] -->        <\/p>\n<tr>\n<td>11<\/td>\n<td>Curr\u00edculo 2018 \u2013 Ciencias F\u00edsico-Matem\u00e1ticas (Matem\u00e1tica)<\/td>\n<td><a href=\"https:\/\/enlinea.unsch.edu.pe\/wp-content\/uploads\/2025\/06\/PROGRAMA_P32_CURRICULO-MATEMATICA.pdf\" target=\"_blank\">Ver PDF<\/a><\/td>\n<\/tr>\n<p><!-- [et_pb_line_break_holder] -->        <\/p>\n<tr>\n<td>11<\/td>\n<td>Curr\u00edculo 2018 \u2013 Ciencias F\u00edsico-Matem\u00e1ticas (Estad\u00edstica)<\/td>\n<td><a href=\"https:\/\/enlinea.unsch.edu.pe\/wp-content\/uploads\/2025\/06\/PROGRAMA_P34_CURRICULO-ESTADISTICA.pdf\" target=\"_blank\">Ver PDF<\/a><\/td>\n<\/tr>\n<p><!-- [et_pb_line_break_holder] --><!-- [et_pb_line_break_holder] -->    <!-- Facultad de Ciencias Biol\u00f3gicas --><!-- [et_pb_line_break_holder] -->    <\/p>\n<tr>\n<td colspan=\"3\" style=\"padding: 10px; background: #f0f0f0; font-weight: bold;\">Facultad de Ciencias Biol\u00f3gicas<\/td>\n<\/tr>\n<p><!-- [et_pb_line_break_holder] -->    <\/p>\n<tr>\n<td>12<\/td>\n<td>Curr\u00edculo 2018 \u2013 Biolog\u00eda (m)<\/td>\n<td><a href=\"https:\/\/enlinea.unsch.edu.pe\/wp-content\/uploads\/2025\/06\/PROGRAMA_P02_CURRICULO-MICROBIOLOGIA.pdf\" target=\"_blank\">Ver PDF<\/a><\/td>\n<\/tr>\n<p><!-- [et_pb_line_break_holder] -->        <\/p>\n<tr>\n<td>12<\/td>\n<td>Curr\u00edculo 2018 \u2013 Biolog\u00eda (b)<\/td>\n<td><a href=\"https:\/\/enlinea.unsch.edu.pe\/wp-content\/uploads\/2025\/06\/PROGRAMA_P03_CURRICULO-BIOTECNOLOGIA.pdf\" target=\"_blank\">Ver PDF<\/a><\/td>\n<\/tr>\n<p><!-- [et_pb_line_break_holder] -->        <\/p>\n<tr>\n<td>12<\/td>\n<td>Curr\u00edculo 2018 \u2013 Biolog\u00eda (ern<\/td>\n<td><a href=\"https:\/\/enlinea.unsch.edu.pe\/wp-content\/uploads\/2025\/06\/PROGRAMA_P04_CURRICULO-ECOLOGIA-Y-RECURSOS-NATURALES.pdf\" target=\"_blank\">Ver PDF<\/a><\/td>\n<\/tr>\n<p><!-- [et_pb_line_break_holder] --><!-- [et_pb_line_break_holder] -->    <!-- Facultad de Ciencias de la Educaci\u00f3n --><!-- [et_pb_line_break_holder] -->    <\/p>\n<tr>\n<td colspan=\"3\" style=\"padding: 10px; background: #f0f0f0; font-weight: bold;\">Facultad de Ciencias de la Educaci\u00f3n<\/td>\n<\/tr>\n<p><!-- [et_pb_line_break_holder] -->    <\/p>\n<tr>\n<td>13<\/td>\n<td>Curr\u00edculo 2018 \u2013 Educaci\u00f3n Inicial<\/td>\n<td><a href=\"https:\/\/enlinea.unsch.edu.pe\/wp-content\/uploads\/2025\/11\/03-EDUCACION-INICIAL-2018-R.pdf\" target=\"_blank\">Ver PDF<\/a><\/td>\n<\/tr>\n<p><!-- [et_pb_line_break_holder] -->    <\/p>\n<tr>\n<td>14<\/td>\n<td>Curr\u00edculo 2018 \u2013 Educaci\u00f3n Primaria<\/td>\n<td><a href=\"https:\/\/enlinea.unsch.edu.pe\/wp-content\/uploads\/2025\/06\/PROGRAMA_P06_CURRICULO-EDUCACION-PRIMARIA.pdf\" target=\"_blank\">Ver PDF<\/a><\/td>\n<\/tr>\n<p><!-- [et_pb_line_break_holder] -->    <\/p>\n<tr>\n<td>15<\/td>\n<td>Curr\u00edculo 2018 \u2013 Educaci\u00f3n Secundaria (lel)<\/td>\n<td><a href=\"https:\/\/enlinea.unsch.edu.pe\/wp-content\/uploads\/2025\/06\/PROGRAMA_P07_CURRICULO-EDUCACION-SECUNDARIA_LENGUA-ESPANOLA-Y-LITERATURA.pdf\" target=\"_blank\">Ver PDF<\/a><\/td>\n<\/tr>\n<p><!-- [et_pb_line_break_holder] -->        <\/p>\n<tr>\n<td>15<\/td>\n<td>Curr\u00edculo 2018 \u2013 Educaci\u00f3n Secundaria (mfi)<\/td>\n<td><a href=\"https:\/\/enlinea.unsch.edu.pe\/wp-content\/uploads\/2025\/06\/PROGRAMA_P10_CURRICULO-EDUCACION-SECUNDARIA_MATEMATICA-FISICA-E-INFORMATICA.pdf\" target=\"_blank\">Ver PDF<\/a><\/td>\n<\/tr>\n<p><!-- [et_pb_line_break_holder] -->        <\/p>\n<tr>\n<td>15<\/td>\n<td>Curr\u00edculo 2018 \u2013 Educaci\u00f3n Secundaria (ile)<\/td>\n<td><a href=\"https:\/\/enlinea.unsch.edu.pe\/wp-content\/uploads\/2025\/06\/PROGRAMA_P08_CURRICULO-EDUCACION-SECUNDARIA_INGLES-Y-LENGUA-ESPANOLA.pdf\" target=\"_blank\">Ver PDF<\/a><\/td>\n<\/tr>\n<p><!-- [et_pb_line_break_holder] -->        <\/p>\n<tr>\n<td>15<\/td>\n<td>Curr\u00edculo 2018 \u2013 Educaci\u00f3n Secundaria (csf)<\/td>\n<td><a href=\"https:\/\/enlinea.unsch.edu.pe\/wp-content\/uploads\/2025\/06\/PROGRAMA_P09_CURRICULO-EDUCACION-SECUNDARIA_CIENCIAS-SOCIALES-Y-FILOSOFIA.pdf\" target=\"_blank\">Ver PDF<\/a><\/td>\n<\/tr>\n<p><!-- [et_pb_line_break_holder] -->    <\/p>\n<tr>\n<td>16<\/td>\n<td>Curr\u00edculo 2018 \u2013 Educaci\u00f3n F\u00edsica<\/td>\n<td><a href=\"https:\/\/enlinea.unsch.edu.pe\/wp-content\/uploads\/2025\/11\/06-EDUCACION-FISICA-2018-R.pdf\" target=\"_blank\">Ver PDF<\/a><\/td>\n<\/tr>\n<p><!-- [et_pb_line_break_holder] --><!-- [et_pb_line_break_holder] -->    <!-- Facultad de Ciencias Agrarias --><!-- [et_pb_line_break_holder] -->    <\/p>\n<tr>\n<td colspan=\"3\" style=\"padding: 10px; background: #f0f0f0; font-weight: bold;\">Facultad de Ciencias Agrarias<\/td>\n<\/tr>\n<p><!-- [et_pb_line_break_holder] -->    <\/p>\n<tr>\n<td>17<\/td>\n<td>Curr\u00edculo 2018 \u2013 Agronom\u00eda<\/td>\n<td><a href=\"https:\/\/enlinea.unsch.edu.pe\/wp-content\/uploads\/2025\/06\/PROGRAMA_P01_CURRICULO-AGRONOMIA.pdf\" target=\"_blank\">Ver PDF<\/a><\/td>\n<\/tr>\n<p><!-- [et_pb_line_break_holder] -->    <\/p>\n<tr>\n<td>18<\/td>\n<td>Curr\u00edculo 2018 \u2013 Ingenier\u00eda Agr\u00edcola<\/td>\n<td><a href=\"https:\/\/enlinea.unsch.edu.pe\/wp-content\/uploads\/2025\/06\/PROGRAMA_P28_CURRICULO-INGENIERIA-AGRICOLA.pdf\" target=\"_blank\">Ver PDF<\/a><\/td>\n<\/tr>\n<p><!-- [et_pb_line_break_holder] -->    <\/p>\n<tr>\n<td>19<\/td>\n<td>Curr\u00edculo 2018 \u2013 Medicina Veterinaria<\/td>\n<td><a href=\"https:\/\/enlinea.unsch.edu.pe\/wp-content\/uploads\/2025\/06\/PROGRAMA_P31_CURRICULO-MEDICINA-VETERINARIA.pdf\" target=\"_blank\">Ver PDF<\/a><\/td>\n<\/tr>\n<p><!-- [et_pb_line_break_holder] -->    <\/p>\n<tr>\n<td>20<\/td>\n<td>Curr\u00edculo 2018 \u2013 Ingenier\u00eda Agroforestal<\/td>\n<td><a href=\"https:\/\/enlinea.unsch.edu.pe\/wp-content\/uploads\/2025\/11\/28-INGENIERIA-AGROFORESTAL-2018-R.pdf\" target=\"_blank\">Ver PDF<\/a><\/td>\n<\/tr>\n<p><!-- [et_pb_line_break_holder] --><!-- [et_pb_line_break_holder] -->    <!-- Facultad de Derecho y Ciencias Pol\u00edticas --><!-- [et_pb_line_break_holder] -->    <\/p>\n<tr>\n<td colspan=\"3\" style=\"padding: 10px; background: #f0f0f0; font-weight: bold;\">Facultad de Derecho y Ciencias Pol\u00edticas<\/td>\n<\/tr>\n<p><!-- [et_pb_line_break_holder] -->    <\/p>\n<tr>\n<td>21<\/td>\n<td>Curr\u00edculo 2018 \u2013 Derecho<\/td>\n<td><a href=\"https:\/\/enlinea.unsch.edu.pe\/wp-content\/uploads\/2025\/06\/PROGRAMA_P21_CURRICULO-DERECHO.pdf\" target=\"_blank\">Ver PDF<\/a><\/td>\n<\/tr>\n<p><!-- [et_pb_line_break_holder] --><!-- [et_pb_line_break_holder] -->    <!-- Facultad de Ciencias de la Salud --><!-- [et_pb_line_break_holder] -->    <\/p>\n<tr>\n<td colspan=\"3\" style=\"padding: 10px; background: #f0f0f0; font-weight: bold;\">Facultad de Ciencias de la Salud<\/td>\n<\/tr>\n<p><!-- [et_pb_line_break_holder] -->    <\/p>\n<tr>\n<td>22<\/td>\n<td>Curr\u00edculo 2018 \u2013 Obstetricia<\/td>\n<td><a href=\"https:\/\/enlinea.unsch.edu.pe\/wp-content\/uploads\/2025\/11\/18-OBSTETRICIA-2018-R.pdf\" target=\"_blank\">Ver PDF<\/a><\/td>\n<\/tr>\n<p><!-- [et_pb_line_break_holder] -->    <\/p>\n<tr>\n<td>23<\/td>\n<td>Curr\u00edculo 2018 \u2013 Enfermer\u00eda<\/td>\n<td><a href=\"https:\/\/enlinea.unsch.edu.pe\/wp-content\/uploads\/2025\/11\/14-ENFERMERIA-2018-R.pdf\" target=\"_blank\">Ver PDF<\/a><\/td>\n<\/tr>\n<p><!-- [et_pb_line_break_holder] -->    <\/p>\n<tr>\n<td>24<\/td>\n<td>Curr\u00edculo 2018 \u2013 Farmacia y Bioqu\u00edmica<\/td>\n<td><a href=\"https:\/\/enlinea.unsch.edu.pe\/wp-content\/uploads\/2025\/06\/PROGRAMA_P27_CURRICULO-FARMACIA-Y-BIOQUIMICA.pdf\" target=\"_blank\">Ver PDF<\/a><\/td>\n<\/tr>\n<p><!-- [et_pb_line_break_holder] -->    <\/p>\n<tr>\n<td>25<\/td>\n<td>Curr\u00edculo 2018 \u2013 Medicina Humana<\/td>\n<td><a href=\"https:\/\/enlinea.unsch.edu.pe\/wp-content\/uploads\/2025\/06\/PROGRAMA_P37_CURRICULO-MEDICINA-HUMANA.pdf\" target=\"_blank\">Ver PDF<\/a><\/td>\n<\/tr>\n<p><!-- [et_pb_line_break_holder] --><!-- [et_pb_line_break_holder] -->    <!-- Facultad de Ciencias Econ\u00f3micas, Administrativas y Contables --><!-- [et_pb_line_break_holder] -->    <\/p>\n<tr>\n<td colspan=\"3\" style=\"padding: 10px; background: #f0f0f0; font-weight: bold;\">Facultad de Ciencias Econ\u00f3micas, Administrativas y Contables<\/td>\n<\/tr>\n<p><!-- [et_pb_line_break_holder] -->    <\/p>\n<tr>\n<td>26<\/td>\n<td>Curr\u00edculo 2018 \u2013 Administraci\u00f3n de Empresas<\/td>\n<td><a href=\"https:\/\/enlinea.unsch.edu.pe\/wp-content\/uploads\/2025\/11\/07-ADMINITRACION-DE-EMPRESAS-2018-R.pdf\" target=\"_blank\">Ver PDF<\/a><\/td>\n<\/tr>\n<p><!-- [et_pb_line_break_holder] -->    <\/p>\n<tr>\n<td>27<\/td>\n<td>Curr\u00edculo 2018 \u2013 Contabilidad y Auditor\u00eda<\/td>\n<td><a href=\"https:\/\/enlinea.unsch.edu.pe\/wp-content\/uploads\/2025\/11\/08-CONTABILIDAD.pdf\" target=\"_blank\">Ver PDF<\/a><\/td>\n<\/tr>\n<p><!-- [et_pb_line_break_holder] -->    <\/p>\n<tr>\n<td>28<\/td>\n<td>Curr\u00edculo 2018 \u2013 Econom\u00eda<\/td>\n<td><a href=\"https:\/\/enlinea.unsch.edu.pe\/wp-content\/uploads\/2025\/11\/09-ECONOMIA-2018-R.pdf\" target=\"_blank\">Ver PDF<\/a><\/td>\n<\/tr>\n<p><!-- [et_pb_line_break_holder] --><!-- [et_pb_line_break_holder] -->  <\/tbody>\n<p><!-- [et_pb_line_break_holder] --><\/table>\n<p><!-- [et_pb_line_break_holder] -->[\/et_pb_code][\/et_pb_column][\/et_pb_row][\/et_pb_section]<\/p>\n","protected":false},"excerpt":{"rendered":"","protected":false},"author":1,"featured_media":0,"parent":0,"menu_order":0,"comment_status":"closed","ping_status":"closed","template":"","meta":{"_et_pb_use_builder":"on","_et_pb_old_content":"","_et_gb_content_width":"","footnotes":""},"class_list":["post-3057","page","type-page","status-publish","hentry"],"publishpress_future_action":{"enabled":false,"date":"2026-04-18 16:10:47","action":"change-status","newStatus":"draft","terms":[],"taxonomy":"","extraData":[]},"publishpress_future_workflow_manual_trigger":{"enabledWorkflows":[]},"_links":{"self":[{"href":"https:\/\/enlinea.unsch.edu.pe\/index.php\/wp-json\/wp\/v2\/pages\/3057","targetHints":{"allow":["GET"]}}],"collection":[{"href":"https:\/\/enlinea.unsch.edu.pe\/index.php\/wp-json\/wp\/v2\/pages"}],"about":[{"href":"https:\/\/enlinea.unsch.edu.pe\/index.php\/wp-json\/wp\/v2\/types\/page"}],"author":[{"embeddable":true,"href":"https:\/\/enlinea.unsch.edu.pe\/index.php\/wp-json\/wp\/v2\/users\/1"}],"replies":[{"embeddable":true,"href":"https:\/\/enlinea.unsch.edu.pe\/index.php\/wp-json\/wp\/v2\/comments?post=3057"}],"version-history":[{"count":6,"href":"https:\/\/enlinea.unsch.edu.pe\/index.php\/wp-json\/wp\/v2\/pages\/3057\/revisions"}],"predecessor-version":[{"id":5322,"href":"https:\/\/enlinea.unsch.edu.pe\/index.php\/wp-json\/wp\/v2\/pages\/3057\/revisions\/5322"}],"wp:attachment":[{"href":"https:\/\/enlinea.unsch.edu.pe\/index.php\/wp-json\/wp\/v2\/media?parent=3057"}],"curies":[{"name":"wp","href":"https:\/\/api.w.org\/{rel}","templated":true}]}}