{"id":4794,"date":"2025-09-21T18:57:29","date_gmt":"2025-09-21T23:57:29","guid":{"rendered":"https:\/\/enlinea.unsch.edu.pe\/?page_id=4794"},"modified":"2025-09-22T11:16:50","modified_gmt":"2025-09-22T16:16:50","slug":"manuales","status":"publish","type":"page","link":"https:\/\/enlinea.unsch.edu.pe\/index.php\/manuales\/","title":{"rendered":"Manuales"},"content":{"rendered":"<p>[et_pb_section fb_built=\u00bb1&#8243; custom_padding_last_edited=\u00bbon|tablet\u00bb admin_label=\u00bbHeader\u00bb _builder_version=\u00bb4.27.4&#8243; _module_preset=\u00bb535a0b7b-f660-4fbf-a478-5a2a290695ee\u00bb background_enable_color=\u00bboff\u00bb background_image=\u00bbhttps:\/\/enlinea.unsch.edu.pe\/wp-content\/uploads\/2025\/09\/2.jpg\u00bb custom_margin_last_edited=\u00bboff|tablet\u00bb custom_padding=\u00bb0px||0px||false|false\u00bb custom_padding_tablet=\u00bb0px||0px||false|false\u00bb custom_padding_phone=\u00bb0px||0px||false|false\u00bb global_colors_info=\u00bb{}\u00bb][et_pb_row _builder_version=\u00bb4.27.4&#8243; _module_preset=\u00bbdefault\u00bb width_tablet=\u00bb50%\u00bb width_phone=\u00bb50%\u00bb width_last_edited=\u00bbon|phone\u00bb custom_margin=\u00bb||||false|false\u00bb custom_padding=\u00bb30px||30px||true|false\u00bb global_colors_info=\u00bb{}\u00bb][et_pb_column type=\u00bb4_4&#8243; _builder_version=\u00bb4.27.4&#8243; _module_preset=\u00bbdefault\u00bb global_colors_info=\u00bb{}\u00bb][et_pb_image src=\u00bbhttps:\/\/enlinea.unsch.edu.pe\/wp-content\/uploads\/2025\/06\/logo-unch-en-blanco-horizontal-png.png\u00bb title_text=\u00bblogo unch en blanco horizontal png\u00bb url=\u00bbhttps:\/\/enlinea.unsch.edu.pe\/\u00bb align=\u00bbcenter\u00bb _builder_version=\u00bb4.27.4&#8243; _module_preset=\u00bbdefault\u00bb width=\u00bb30%\u00bb global_colors_info=\u00bb{}\u00bb][\/et_pb_image][\/et_pb_column][\/et_pb_row][et_pb_row _builder_version=\u00bb4.27.4&#8243; _module_preset=\u00bbdefault\u00bb background_color=\u00bb#5c0000&#8243; border_radii=\u00bbon|20px|20px|20px|20px\u00bb global_colors_info=\u00bb{}\u00bb][et_pb_column type=\u00bb4_4&#8243; _builder_version=\u00bb4.27.4&#8243; _module_preset=\u00bbdefault\u00bb global_colors_info=\u00bb{}\u00bb][et_pb_heading title=\u00bbManuales y gu\u00edas SIIGE\u00bb _builder_version=\u00bb4.27.4&#8243; _module_preset=\u00bbdefault\u00bb title_font=\u00bbGeometra|||on|||||\u00bb title_text_align=\u00bbcenter\u00bb title_text_color=\u00bb#FFFFFF\u00bb hover_enabled=\u00bb0&#8243; title_text_shadow_style=\u00bbpreset3&#8243; title_text_shadow_color=\u00bb#000000&#8243; text_shadow_style=\u00bbpreset3&#8243; text_shadow_color=\u00bb#000000&#8243; global_colors_info=\u00bb{}\u00bb sticky_enabled=\u00bb0&#8243;][\/et_pb_heading][\/et_pb_column][\/et_pb_row][\/et_pb_section][et_pb_section fb_built=\u00bb1&#8243; _builder_version=\u00bb4.27.4&#8243; _module_preset=\u00bbdefault\u00bb custom_margin=\u00bb||||false|false\u00bb custom_padding=\u00bb0px||0px||true|false\u00bb global_colors_info=\u00bb{}\u00bb][et_pb_row _builder_version=\u00bb4.27.4&#8243; _module_preset=\u00bbdefault\u00bb global_colors_info=\u00bb{}\u00bb][et_pb_column type=\u00bb4_4&#8243; _builder_version=\u00bb4.27.4&#8243; _module_preset=\u00bbdefault\u00bb global_colors_info=\u00bb{}\u00bb][et_pb_text _builder_version=\u00bb4.27.4&#8243; _module_preset=\u00bbdefault\u00bb text_font=\u00bbSwiss Bold||||||||\u00bb text_text_color=\u00bb#5c0000&#8243; text_font_size=\u00bb20px\u00bb text_text_shadow_style=\u00bbpreset2&#8243; text_text_shadow_color=\u00bb#FFFFFF\u00bb border_width_bottom=\u00bb2px\u00bb global_colors_info=\u00bb{}\u00bb]<\/p>\n<p>Sistema Intranet<\/p>\n<p>[\/et_pb_text][\/et_pb_column][\/et_pb_row][et_pb_row column_structure=\u00bb1_3,1_3,1_3&#8243; _builder_version=\u00bb4.27.4&#8243; _module_preset=\u00bbdefault\u00bb width=\u00bb60%\u00bb hover_enabled=\u00bb0&#8243; global_colors_info=\u00bb{}\u00bb sticky_enabled=\u00bb0&#8243; width_last_edited=\u00bbon|tablet\u00bb width_phone=\u00bb80%\u00bb width_tablet=\u00bb80%\u00bb][et_pb_column type=\u00bb1_3&#8243; _builder_version=\u00bb4.27.4&#8243; _module_preset=\u00bbdefault\u00bb custom_padding=\u00bb0px|20px|0px|20px|true|true\u00bb animation_style=\u00bbfold\u00bb link_option_url=\u00bbhttps:\/\/enlinea.unsch.edu.pe\/wp-content\/uploads\/2025\/09\/SIIGE-Intranet_DOCENTE_v1.pdf\u00bb link_option_url_new_window=\u00bbon\u00bb hover_enabled=\u00bb0&#8243; box_shadow_style=\u00bbpreset2&#8243; global_colors_info=\u00bb{}\u00bb transform_styles__hover_enabled=\u00bbon|hover\u00bb transform_scale__hover_enabled=\u00bbon|hover\u00bb transform_translate__hover_enabled=\u00bbon|desktop\u00bb transform_rotate__hover_enabled=\u00bbon|desktop\u00bb transform_skew__hover_enabled=\u00bbon|desktop\u00bb transform_origin__hover_enabled=\u00bbon|desktop\u00bb transform_scale__hover=\u00bb102%|102%\u00bb sticky_enabled=\u00bb0&#8243;][et_pb_image src=\u00bbhttps:\/\/enlinea.unsch.edu.pe\/wp-content\/uploads\/2025\/09\/Portada_Intranet_Docente.png\u00bb title_text=\u00bbPortada_Intranet_Docente\u00bb _builder_version=\u00bb4.27.4&#8243; _module_preset=\u00bbdefault\u00bb custom_margin=\u00bb10px||10px||true|false\u00bb global_colors_info=\u00bb{}\u00bb][\/et_pb_image][et_pb_text _builder_version=\u00bb4.27.4&#8243; _module_preset=\u00bbdefault\u00bb text_font=\u00bbSwiss Black||||||||\u00bb text_orientation=\u00bbcenter\u00bb custom_margin=\u00bb10px||10px||true|false\u00bb global_colors_info=\u00bb{}\u00bb]<\/p>\n<p>MANUAL DEL DOCENTE<\/p>\n<p>[\/et_pb_text][et_pb_button button_url=\u00bbhttps:\/\/enlinea.unsch.edu.pe\/wp-content\/uploads\/2025\/09\/SIIGE-Intranet_DOCENTE_v1.pdf\u00bb url_new_window=\u00bbon\u00bb button_text=\u00bbVer\u00bb button_alignment=\u00bbcenter\u00bb _builder_version=\u00bb4.27.4&#8243; _module_preset=\u00bbdefault\u00bb custom_button=\u00bbon\u00bb button_text_size=\u00bb15px\u00bb button_bg_color=\u00bb#FFFFFF\u00bb button_border_width=\u00bb2px\u00bb button_border_radius=\u00bb16px\u00bb button_font=\u00bbSwiss LT||||||||\u00bb button_icon=\u00bb&#xf0ab;||fa||900&#8243; hover_enabled=\u00bb0&#8243; global_colors_info=\u00bb{}\u00bb sticky_enabled=\u00bb0&#8243;][\/et_pb_button][\/et_pb_column][et_pb_column type=\u00bb1_3&#8243; _builder_version=\u00bb4.27.4&#8243; _module_preset=\u00bbdefault\u00bb custom_padding=\u00bb0px|20px|0px|20px|true|true\u00bb animation_style=\u00bbfold\u00bb link_option_url=\u00bbhttps:\/\/enlinea.unsch.edu.pe\/wp-content\/uploads\/2025\/09\/SIIGE-Intranet_ALUMNO_v1.pdf\u00bb link_option_url_new_window=\u00bbon\u00bb hover_enabled=\u00bb0&#8243; box_shadow_style=\u00bbpreset2&#8243; global_colors_info=\u00bb{}\u00bb transform_styles__hover_enabled=\u00bbon|hover\u00bb transform_scale__hover_enabled=\u00bbon|hover\u00bb transform_translate__hover_enabled=\u00bbon|desktop\u00bb transform_rotate__hover_enabled=\u00bbon|desktop\u00bb transform_skew__hover_enabled=\u00bbon|desktop\u00bb transform_origin__hover_enabled=\u00bbon|desktop\u00bb transform_scale__hover=\u00bb102%|102%\u00bb sticky_enabled=\u00bb0&#8243;][et_pb_image src=\u00bbhttps:\/\/enlinea.unsch.edu.pe\/wp-content\/uploads\/2025\/09\/Portada_Intranet_Alumno.png\u00bb title_text=\u00bbPortada_Intranet_Alumno\u00bb _builder_version=\u00bb4.27.4&#8243; _module_preset=\u00bbdefault\u00bb custom_margin=\u00bb10px||10px||true|false\u00bb global_colors_info=\u00bb{}\u00bb][\/et_pb_image][et_pb_text _builder_version=\u00bb4.27.4&#8243; _module_preset=\u00bbdefault\u00bb text_font=\u00bbSwiss Black||||||||\u00bb text_orientation=\u00bbcenter\u00bb custom_margin=\u00bb10px||10px||true|false\u00bb global_colors_info=\u00bb{}\u00bb]<\/p>\n<p>MANUAL DEL ALUMNO<\/p>\n<p>[\/et_pb_text][et_pb_button button_url=\u00bbhttps:\/\/enlinea.unsch.edu.pe\/wp-content\/uploads\/2025\/09\/SIIGE-Intranet_ALUMNO_v1.pdf\u00bb url_new_window=\u00bbon\u00bb button_text=\u00bbVer\u00bb button_alignment=\u00bbcenter\u00bb _builder_version=\u00bb4.27.4&#8243; _module_preset=\u00bbdefault\u00bb custom_button=\u00bbon\u00bb button_text_size=\u00bb15px\u00bb button_bg_color=\u00bb#FFFFFF\u00bb button_border_width=\u00bb2px\u00bb button_border_radius=\u00bb16px\u00bb button_font=\u00bbSwiss LT||||||||\u00bb button_icon=\u00bb&#xf0ab;||fa||900&#8243; hover_enabled=\u00bb0&#8243; global_colors_info=\u00bb{}\u00bb sticky_enabled=\u00bb0&#8243;][\/et_pb_button][\/et_pb_column][et_pb_column type=\u00bb1_3&#8243; _builder_version=\u00bb4.27.4&#8243; _module_preset=\u00bbdefault\u00bb custom_padding=\u00bb0px|20px|0px|20px|true|true\u00bb animation_style=\u00bbfold\u00bb link_option_url=\u00bbhttps:\/\/enlinea.unsch.edu.pe\/wp-content\/uploads\/2025\/09\/SIIGE-Intranet_ADMINISTRADOR_v1.pdf\u00bb link_option_url_new_window=\u00bbon\u00bb hover_enabled=\u00bb0&#8243; box_shadow_style=\u00bbpreset2&#8243; global_colors_info=\u00bb{}\u00bb transform_styles__hover_enabled=\u00bbon|hover\u00bb transform_scale__hover_enabled=\u00bbon|hover\u00bb transform_translate__hover_enabled=\u00bbon|desktop\u00bb transform_rotate__hover_enabled=\u00bbon|desktop\u00bb transform_skew__hover_enabled=\u00bbon|desktop\u00bb transform_origin__hover_enabled=\u00bbon|desktop\u00bb transform_scale__hover=\u00bb102%|102%\u00bb sticky_enabled=\u00bb0&#8243;][et_pb_image src=\u00bbhttps:\/\/enlinea.unsch.edu.pe\/wp-content\/uploads\/2025\/09\/Portada_Intranet_Administrador.png\u00bb title_text=\u00bbPortada_Intranet_Administrador\u00bb _builder_version=\u00bb4.27.4&#8243; _module_preset=\u00bbdefault\u00bb custom_margin=\u00bb10px||10px||true|false\u00bb global_colors_info=\u00bb{}\u00bb][\/et_pb_image][et_pb_text _builder_version=\u00bb4.27.4&#8243; _module_preset=\u00bbdefault\u00bb text_font=\u00bbSwiss Black||||||||\u00bb text_orientation=\u00bbcenter\u00bb custom_margin=\u00bb10px||10px||true|false\u00bb global_colors_info=\u00bb{}\u00bb]<\/p>\n<p>MANUAL DEL ADMINISTRADOR<\/p>\n<p>[\/et_pb_text][et_pb_button button_url=\u00bbhttps:\/\/enlinea.unsch.edu.pe\/wp-content\/uploads\/2025\/09\/SIIGE-Intranet_ADMINISTRADOR_v1.pdf\u00bb url_new_window=\u00bbon\u00bb button_text=\u00bbVer\u00bb button_alignment=\u00bbcenter\u00bb _builder_version=\u00bb4.27.4&#8243; _module_preset=\u00bbdefault\u00bb custom_button=\u00bbon\u00bb button_text_size=\u00bb15px\u00bb button_bg_color=\u00bb#FFFFFF\u00bb button_border_width=\u00bb2px\u00bb button_border_radius=\u00bb16px\u00bb button_font=\u00bbSwiss LT||||||||\u00bb button_icon=\u00bb&#xf0ab;||fa||900&#8243; hover_enabled=\u00bb0&#8243; global_colors_info=\u00bb{}\u00bb sticky_enabled=\u00bb0&#8243;][\/et_pb_button][\/et_pb_column][\/et_pb_row][\/et_pb_section][et_pb_section fb_built=\u00bb1&#8243; _builder_version=\u00bb4.27.4&#8243; _module_preset=\u00bbdefault\u00bb custom_margin=\u00bb||||false|false\u00bb custom_padding=\u00bb0px||0px||true|false\u00bb global_colors_info=\u00bb{}\u00bb][et_pb_row _builder_version=\u00bb4.27.4&#8243; _module_preset=\u00bbdefault\u00bb global_colors_info=\u00bb{}\u00bb][et_pb_column type=\u00bb4_4&#8243; _builder_version=\u00bb4.27.4&#8243; _module_preset=\u00bbdefault\u00bb global_colors_info=\u00bb{}\u00bb][et_pb_text _builder_version=\u00bb4.27.4&#8243; _module_preset=\u00bbdefault\u00bb text_font=\u00bbSwiss Bold||||||||\u00bb text_text_color=\u00bb#5c0000&#8243; text_font_size=\u00bb20px\u00bb text_text_shadow_style=\u00bbpreset2&#8243; text_text_shadow_color=\u00bb#FFFFFF\u00bb border_width_bottom=\u00bb2px\u00bb global_colors_info=\u00bb{}\u00bb]<\/p>\n<p>Sistema de Gesti\u00f3n Docente<\/p>\n<p>[\/et_pb_text][\/et_pb_column][\/et_pb_row][et_pb_row column_structure=\u00bb1_2,1_2&#8243; _builder_version=\u00bb4.27.4&#8243; _module_preset=\u00bbdefault\u00bb width=\u00bb40%\u00bb hover_enabled=\u00bb0&#8243; global_colors_info=\u00bb{}\u00bb sticky_enabled=\u00bb0&#8243; width_last_edited=\u00bbon|desktop\u00bb width_tablet=\u00bb80%\u00bb width_phone=\u00bb80%\u00bb][et_pb_column type=\u00bb1_2&#8243; _builder_version=\u00bb4.27.4&#8243; _module_preset=\u00bbdefault\u00bb custom_padding=\u00bb0px|20px|0px|20px|true|true\u00bb animation_style=\u00bbfold\u00bb link_option_url=\u00bbhttps:\/\/enlinea.unsch.edu.pe\/wp-content\/uploads\/2025\/09\/SIIGE-Gestion-Docente_DOCENTE_v1.pdf\u00bb link_option_url_new_window=\u00bbon\u00bb hover_enabled=\u00bb0&#8243; box_shadow_style=\u00bbpreset2&#8243; global_colors_info=\u00bb{}\u00bb transform_styles__hover_enabled=\u00bbon|hover\u00bb transform_scale__hover_enabled=\u00bbon|hover\u00bb transform_translate__hover_enabled=\u00bbon|desktop\u00bb transform_rotate__hover_enabled=\u00bbon|desktop\u00bb transform_skew__hover_enabled=\u00bbon|desktop\u00bb transform_origin__hover_enabled=\u00bbon|desktop\u00bb transform_scale__hover=\u00bb102%|102%\u00bb sticky_enabled=\u00bb0&#8243;][et_pb_image src=\u00bbhttps:\/\/enlinea.unsch.edu.pe\/wp-content\/uploads\/2025\/09\/Portada_GestionDocente_Docente.png\u00bb title_text=\u00bbPortada_GestionDocente_Docente\u00bb _builder_version=\u00bb4.27.4&#8243; _module_preset=\u00bbdefault\u00bb custom_margin=\u00bb10px||10px||true|false\u00bb global_colors_info=\u00bb{}\u00bb][\/et_pb_image][et_pb_text _builder_version=\u00bb4.27.4&#8243; _module_preset=\u00bbdefault\u00bb text_font=\u00bbSwiss Black||||||||\u00bb text_orientation=\u00bbcenter\u00bb custom_margin=\u00bb10px||10px||true|false\u00bb global_colors_info=\u00bb{}\u00bb]<\/p>\n<p>MANUAL DEL DOCENTE<\/p>\n<p>[\/et_pb_text][et_pb_button button_url=\u00bbhttps:\/\/enlinea.unsch.edu.pe\/wp-content\/uploads\/2025\/09\/SIIGE-Gestion-Docente_DOCENTE_v1.pdf\u00bb url_new_window=\u00bbon\u00bb button_text=\u00bbVer\u00bb button_alignment=\u00bbcenter\u00bb _builder_version=\u00bb4.27.4&#8243; _module_preset=\u00bbdefault\u00bb custom_button=\u00bbon\u00bb button_text_size=\u00bb15px\u00bb button_bg_color=\u00bb#FFFFFF\u00bb button_border_width=\u00bb2px\u00bb button_border_radius=\u00bb16px\u00bb button_font=\u00bbSwiss LT||||||||\u00bb button_icon=\u00bb&#xf0ab;||fa||900&#8243; hover_enabled=\u00bb0&#8243; global_colors_info=\u00bb{}\u00bb sticky_enabled=\u00bb0&#8243;][\/et_pb_button][\/et_pb_column][et_pb_column type=\u00bb1_2&#8243; _builder_version=\u00bb4.27.4&#8243; _module_preset=\u00bbdefault\u00bb custom_padding=\u00bb0px|20px|0px|20px|true|true\u00bb animation_style=\u00bbfold\u00bb link_option_url=\u00bbhttps:\/\/enlinea.unsch.edu.pe\/wp-content\/uploads\/2025\/09\/SIIGE-Gestion-Docente_ADMINISTRADOR_v1.pdf\u00bb link_option_url_new_window=\u00bbon\u00bb hover_enabled=\u00bb0&#8243; box_shadow_style=\u00bbpreset2&#8243; global_colors_info=\u00bb{}\u00bb transform_styles__hover_enabled=\u00bbon|hover\u00bb transform_scale__hover_enabled=\u00bbon|hover\u00bb transform_translate__hover_enabled=\u00bbon|desktop\u00bb transform_rotate__hover_enabled=\u00bbon|desktop\u00bb transform_skew__hover_enabled=\u00bbon|desktop\u00bb transform_origin__hover_enabled=\u00bbon|desktop\u00bb transform_scale__hover=\u00bb102%|102%\u00bb sticky_enabled=\u00bb0&#8243;][et_pb_image src=\u00bbhttps:\/\/enlinea.unsch.edu.pe\/wp-content\/uploads\/2025\/09\/Portada_GestionDocente_Administrador.png\u00bb title_text=\u00bbPortada_GestionDocente_Administrador\u00bb _builder_version=\u00bb4.27.4&#8243; _module_preset=\u00bbdefault\u00bb custom_margin=\u00bb10px||10px||true|false\u00bb global_colors_info=\u00bb{}\u00bb][\/et_pb_image][et_pb_text _builder_version=\u00bb4.27.4&#8243; _module_preset=\u00bbdefault\u00bb text_font=\u00bbSwiss Black||||||||\u00bb text_orientation=\u00bbcenter\u00bb custom_margin=\u00bb10px||10px||true|false\u00bb global_colors_info=\u00bb{}\u00bb]<\/p>\n<p>MANUAL DEL ADMINISTRADOR<\/p>\n<p>[\/et_pb_text][et_pb_button button_url=\u00bbhttps:\/\/enlinea.unsch.edu.pe\/wp-content\/uploads\/2025\/09\/SIIGE-Gestion-Docente_ADMINISTRADOR_v1.pdf\u00bb url_new_window=\u00bbon\u00bb button_text=\u00bbVer\u00bb button_alignment=\u00bbcenter\u00bb _builder_version=\u00bb4.27.4&#8243; _module_preset=\u00bbdefault\u00bb custom_button=\u00bbon\u00bb button_text_size=\u00bb15px\u00bb button_bg_color=\u00bb#FFFFFF\u00bb button_border_width=\u00bb2px\u00bb button_border_radius=\u00bb16px\u00bb button_font=\u00bbSwiss LT||||||||\u00bb button_icon=\u00bb&#xf0ab;||fa||900&#8243; hover_enabled=\u00bb0&#8243; global_colors_info=\u00bb{}\u00bb sticky_enabled=\u00bb0&#8243;][\/et_pb_button][\/et_pb_column][\/et_pb_row][\/et_pb_section][et_pb_section fb_built=\u00bb1&#8243; _builder_version=\u00bb4.27.4&#8243; _module_preset=\u00bbdefault\u00bb custom_margin=\u00bb||||false|false\u00bb custom_padding=\u00bb0px||0px||true|false\u00bb global_colors_info=\u00bb{}\u00bb][et_pb_row _builder_version=\u00bb4.27.4&#8243; _module_preset=\u00bbdefault\u00bb global_colors_info=\u00bb{}\u00bb][et_pb_column type=\u00bb4_4&#8243; _builder_version=\u00bb4.27.4&#8243; _module_preset=\u00bbdefault\u00bb global_colors_info=\u00bb{}\u00bb][et_pb_text _builder_version=\u00bb4.27.4&#8243; _module_preset=\u00bbdefault\u00bb text_font=\u00bbSwiss Bold||||||||\u00bb text_text_color=\u00bb#5c0000&#8243; text_font_size=\u00bb20px\u00bb text_text_shadow_style=\u00bbpreset2&#8243; text_text_shadow_color=\u00bb#FFFFFF\u00bb border_width_bottom=\u00bb2px\u00bb global_colors_info=\u00bb{}\u00bb]<\/p>\n<p>Sistema de Matr\u00edcula<\/p>\n<p>[\/et_pb_text][\/et_pb_column][\/et_pb_row][et_pb_row column_structure=\u00bb1_2,1_2&#8243; _builder_version=\u00bb4.27.4&#8243; _module_preset=\u00bbdefault\u00bb width=\u00bb40%\u00bb hover_enabled=\u00bb0&#8243; global_colors_info=\u00bb{}\u00bb sticky_enabled=\u00bb0&#8243; width_last_edited=\u00bbon|tablet\u00bb width_phone=\u00bb80%\u00bb width_tablet=\u00bb80%\u00bb][et_pb_column type=\u00bb1_2&#8243; _builder_version=\u00bb4.27.4&#8243; _module_preset=\u00bbdefault\u00bb custom_padding=\u00bb0px|20px|0px|20px|true|true\u00bb animation_style=\u00bbfold\u00bb link_option_url=\u00bbhttps:\/\/enlinea.unsch.edu.pe\/wp-content\/uploads\/2025\/09\/SIIGE-Matricula_ADMINISTRADOR_v1.pdf\u00bb link_option_url_new_window=\u00bbon\u00bb hover_enabled=\u00bb0&#8243; box_shadow_style=\u00bbpreset2&#8243; global_colors_info=\u00bb{}\u00bb transform_styles__hover_enabled=\u00bbon|hover\u00bb transform_scale__hover_enabled=\u00bbon|hover\u00bb transform_translate__hover_enabled=\u00bbon|desktop\u00bb transform_rotate__hover_enabled=\u00bbon|desktop\u00bb transform_skew__hover_enabled=\u00bbon|desktop\u00bb transform_origin__hover_enabled=\u00bbon|desktop\u00bb transform_scale__hover=\u00bb102%|102%\u00bb sticky_enabled=\u00bb0&#8243;][et_pb_image src=\u00bbhttps:\/\/enlinea.unsch.edu.pe\/wp-content\/uploads\/2025\/09\/Portada_Matricula_Administrador.png\u00bb title_text=\u00bbPortada_Matr\u00edcula_Administrador\u00bb _builder_version=\u00bb4.27.4&#8243; _module_preset=\u00bbdefault\u00bb custom_margin=\u00bb10px||10px||true|false\u00bb global_colors_info=\u00bb{}\u00bb][\/et_pb_image][et_pb_text _builder_version=\u00bb4.27.4&#8243; _module_preset=\u00bbdefault\u00bb text_font=\u00bbSwiss Black||||||||\u00bb text_orientation=\u00bbcenter\u00bb custom_margin=\u00bb10px||10px||true|false\u00bb global_colors_info=\u00bb{}\u00bb]<\/p>\n<p>MANUAL DEL ADMINISTRADOR<\/p>\n<p>[\/et_pb_text][et_pb_button button_url=\u00bbhttps:\/\/enlinea.unsch.edu.pe\/wp-content\/uploads\/2025\/09\/SIIGE-Matricula_ADMINISTRADOR_v1.pdf\u00bb url_new_window=\u00bbon\u00bb button_text=\u00bbVer\u00bb button_alignment=\u00bbcenter\u00bb _builder_version=\u00bb4.27.4&#8243; _module_preset=\u00bbdefault\u00bb custom_button=\u00bbon\u00bb button_text_size=\u00bb15px\u00bb button_bg_color=\u00bb#FFFFFF\u00bb button_border_width=\u00bb2px\u00bb button_border_radius=\u00bb16px\u00bb button_font=\u00bbSwiss LT||||||||\u00bb button_icon=\u00bb&#xf0ab;||fa||900&#8243; hover_enabled=\u00bb0&#8243; global_colors_info=\u00bb{}\u00bb sticky_enabled=\u00bb0&#8243;][\/et_pb_button][\/et_pb_column][et_pb_column type=\u00bb1_2&#8243; _builder_version=\u00bb4.27.4&#8243; _module_preset=\u00bbdefault\u00bb custom_padding=\u00bb0px|20px|0px|20px|true|true\u00bb animation_style=\u00bbfold\u00bb link_option_url=\u00bbhttps:\/\/enlinea.unsch.edu.pe\/wp-content\/uploads\/2025\/09\/SIIGE-Matricula_ALUMNO_v1.pdf\u00bb link_option_url_new_window=\u00bbon\u00bb hover_enabled=\u00bb0&#8243; box_shadow_style=\u00bbpreset2&#8243; global_colors_info=\u00bb{}\u00bb transform_styles__hover_enabled=\u00bbon|hover\u00bb transform_scale__hover_enabled=\u00bbon|hover\u00bb transform_translate__hover_enabled=\u00bbon|desktop\u00bb transform_rotate__hover_enabled=\u00bbon|desktop\u00bb transform_skew__hover_enabled=\u00bbon|desktop\u00bb transform_origin__hover_enabled=\u00bbon|desktop\u00bb transform_scale__hover=\u00bb102%|102%\u00bb sticky_enabled=\u00bb0&#8243;][et_pb_image src=\u00bbhttps:\/\/enlinea.unsch.edu.pe\/wp-content\/uploads\/2025\/09\/Portada_Matricula_Alumno.png\u00bb title_text=\u00bbPortada_Matr\u00edcula_Alumno\u00bb _builder_version=\u00bb4.27.4&#8243; _module_preset=\u00bbdefault\u00bb custom_margin=\u00bb10px||10px||true|false\u00bb global_colors_info=\u00bb{}\u00bb][\/et_pb_image][et_pb_text _builder_version=\u00bb4.27.4&#8243; _module_preset=\u00bbdefault\u00bb text_font=\u00bbSwiss Black||||||||\u00bb text_orientation=\u00bbcenter\u00bb custom_margin=\u00bb10px||10px||true|false\u00bb global_colors_info=\u00bb{}\u00bb]<\/p>\n<p>MANUAL DEL ALUMNO<\/p>\n<p>[\/et_pb_text][et_pb_button button_url=\u00bbhttps:\/\/enlinea.unsch.edu.pe\/wp-content\/uploads\/2025\/09\/SIIGE-Matricula_ALUMNO_v1.pdf\u00bb url_new_window=\u00bbon\u00bb button_text=\u00bbVer\u00bb button_alignment=\u00bbcenter\u00bb _builder_version=\u00bb4.27.4&#8243; _module_preset=\u00bbdefault\u00bb custom_button=\u00bbon\u00bb button_text_size=\u00bb15px\u00bb button_bg_color=\u00bb#FFFFFF\u00bb button_border_width=\u00bb2px\u00bb button_border_radius=\u00bb16px\u00bb button_font=\u00bbSwiss LT||||||||\u00bb button_icon=\u00bb&#xf0ab;||fa||900&#8243; hover_enabled=\u00bb0&#8243; global_colors_info=\u00bb{}\u00bb sticky_enabled=\u00bb0&#8243;][\/et_pb_button][\/et_pb_column][\/et_pb_row][\/et_pb_section][et_pb_section fb_built=\u00bb1&#8243; _builder_version=\u00bb4.27.4&#8243; _module_preset=\u00bbdefault\u00bb custom_margin=\u00bb||||false|false\u00bb custom_padding=\u00bb0px||0px||true|false\u00bb global_colors_info=\u00bb{}\u00bb][et_pb_row _builder_version=\u00bb4.27.4&#8243; _module_preset=\u00bbdefault\u00bb global_colors_info=\u00bb{}\u00bb][et_pb_column type=\u00bb4_4&#8243; _builder_version=\u00bb4.27.4&#8243; _module_preset=\u00bbdefault\u00bb global_colors_info=\u00bb{}\u00bb][et_pb_text _builder_version=\u00bb4.27.4&#8243; _module_preset=\u00bbdefault\u00bb text_font=\u00bbSwiss Bold||||||||\u00bb text_text_color=\u00bb#5c0000&#8243; text_font_size=\u00bb20px\u00bb text_text_shadow_style=\u00bbpreset2&#8243; text_text_shadow_color=\u00bb#FFFFFF\u00bb border_width_bottom=\u00bb2px\u00bb global_colors_info=\u00bb{}\u00bb]<\/p>\n<p>Sistema de Pagos en L\u00ednea<\/p>\n<p>[\/et_pb_text][\/et_pb_column][\/et_pb_row][et_pb_row _builder_version=\u00bb4.27.4&#8243; _module_preset=\u00bbdefault\u00bb width=\u00bb20%\u00bb module_alignment=\u00bbcenter\u00bb hover_enabled=\u00bb0&#8243; global_colors_info=\u00bb{}\u00bb sticky_enabled=\u00bb0&#8243; width_last_edited=\u00bbon|desktop\u00bb width_tablet=\u00bb80%\u00bb width_phone=\u00bb80%\u00bb][et_pb_column type=\u00bb4_4&#8243; _builder_version=\u00bb4.27.4&#8243; _module_preset=\u00bbdefault\u00bb custom_padding=\u00bb0px|20px|0px|20px|true|true\u00bb animation_style=\u00bbfold\u00bb link_option_url=\u00bbhttps:\/\/enlinea.unsch.edu.pe\/wp-content\/uploads\/2025\/09\/SIIGE-Pagos-en-Linea_ALUMNO_v1.pdf\u00bb link_option_url_new_window=\u00bbon\u00bb hover_enabled=\u00bb0&#8243; box_shadow_style=\u00bbpreset2&#8243; global_colors_info=\u00bb{}\u00bb transform_styles__hover_enabled=\u00bbon|hover\u00bb transform_scale__hover_enabled=\u00bbon|hover\u00bb transform_translate__hover_enabled=\u00bbon|desktop\u00bb transform_rotate__hover_enabled=\u00bbon|desktop\u00bb transform_skew__hover_enabled=\u00bbon|desktop\u00bb transform_origin__hover_enabled=\u00bbon|desktop\u00bb transform_scale__hover=\u00bb102%|102%\u00bb sticky_enabled=\u00bb0&#8243;][et_pb_image src=\u00bbhttps:\/\/enlinea.unsch.edu.pe\/wp-content\/uploads\/2025\/09\/Portada_PagosEnLinea_Alumno.png\u00bb title_text=\u00bbPortada_PagosEnL\u00ednea_Alumno\u00bb _builder_version=\u00bb4.27.4&#8243; _module_preset=\u00bbdefault\u00bb custom_margin=\u00bb10px||10px||true|false\u00bb global_colors_info=\u00bb{}\u00bb][\/et_pb_image][et_pb_text _builder_version=\u00bb4.27.4&#8243; _module_preset=\u00bbdefault\u00bb text_font=\u00bbSwiss Black||||||||\u00bb text_orientation=\u00bbcenter\u00bb custom_margin=\u00bb10px||10px||true|false\u00bb global_colors_info=\u00bb{}\u00bb]<\/p>\n<p>MANUAL DEL ALUMNO<\/p>\n<p>[\/et_pb_text][et_pb_button button_url=\u00bbhttps:\/\/enlinea.unsch.edu.pe\/wp-content\/uploads\/2025\/09\/SIIGE-Pagos-en-Linea_ALUMNO_v1.pdf\u00bb url_new_window=\u00bbon\u00bb button_text=\u00bbVer\u00bb button_alignment=\u00bbcenter\u00bb _builder_version=\u00bb4.27.4&#8243; _module_preset=\u00bbdefault\u00bb custom_button=\u00bbon\u00bb button_text_size=\u00bb15px\u00bb button_bg_color=\u00bb#FFFFFF\u00bb button_border_width=\u00bb2px\u00bb button_border_radius=\u00bb16px\u00bb button_font=\u00bbSwiss LT||||||||\u00bb button_icon=\u00bb&#xf0ab;||fa||900&#8243; hover_enabled=\u00bb0&#8243; global_colors_info=\u00bb{}\u00bb sticky_enabled=\u00bb0&#8243;][\/et_pb_button][\/et_pb_column][\/et_pb_row][\/et_pb_section]<\/p>\n","protected":false},"excerpt":{"rendered":"<p>Sistema IntranetMANUAL DEL DOCENTEMANUAL DEL ALUMNOMANUAL DEL ADMINISTRADORSistema de Gesti\u00f3n DocenteMANUAL DEL DOCENTEMANUAL DEL ADMINISTRADORSistema de Matr\u00edculaMANUAL DEL ADMINISTRADORMANUAL DEL ALUMNOSistema de Pagos en L\u00edneaMANUAL DEL ALUMNO<\/p>\n","protected":false},"author":1,"featured_media":0,"parent":0,"menu_order":0,"comment_status":"closed","ping_status":"closed","template":"","meta":{"_et_pb_use_builder":"on","_et_pb_old_content":"","_et_gb_content_width":"","footnotes":""},"class_list":["post-4794","page","type-page","status-publish","hentry"],"publishpress_future_action":{"enabled":false,"date":"2026-04-18 16:10:54","action":"change-status","newStatus":"draft","terms":[],"taxonomy":"","extraData":[]},"publishpress_future_workflow_manual_trigger":{"enabledWorkflows":[]},"_links":{"self":[{"href":"https:\/\/enlinea.unsch.edu.pe\/index.php\/wp-json\/wp\/v2\/pages\/4794","targetHints":{"allow":["GET"]}}],"collection":[{"href":"https:\/\/enlinea.unsch.edu.pe\/index.php\/wp-json\/wp\/v2\/pages"}],"about":[{"href":"https:\/\/enlinea.unsch.edu.pe\/index.php\/wp-json\/wp\/v2\/types\/page"}],"author":[{"embeddable":true,"href":"https:\/\/enlinea.unsch.edu.pe\/index.php\/wp-json\/wp\/v2\/users\/1"}],"replies":[{"embeddable":true,"href":"https:\/\/enlinea.unsch.edu.pe\/index.php\/wp-json\/wp\/v2\/comments?post=4794"}],"version-history":[{"count":12,"href":"https:\/\/enlinea.unsch.edu.pe\/index.php\/wp-json\/wp\/v2\/pages\/4794\/revisions"}],"predecessor-version":[{"id":4851,"href":"https:\/\/enlinea.unsch.edu.pe\/index.php\/wp-json\/wp\/v2\/pages\/4794\/revisions\/4851"}],"wp:attachment":[{"href":"https:\/\/enlinea.unsch.edu.pe\/index.php\/wp-json\/wp\/v2\/media?parent=4794"}],"curies":[{"name":"wp","href":"https:\/\/api.w.org\/{rel}","templated":true}]}}