{"id":793,"date":"2024-01-30T15:19:31","date_gmt":"2024-01-30T20:19:31","guid":{"rendered":"https:\/\/enlinea.unsch.edu.pe\/?page_id=793"},"modified":"2025-06-12T14:56:56","modified_gmt":"2025-06-12T19:56:56","slug":"mision-y-objetivos-institucionales","status":"publish","type":"page","link":"https:\/\/enlinea.unsch.edu.pe\/index.php\/mision-y-objetivos-institucionales\/","title":{"rendered":"Misi\u00f3n y Objetivos Institucionales"},"content":{"rendered":"<p>[et_pb_section fb_built=\u00bb1&#8243; admin_label=\u00bbAbout\u00bb _builder_version=\u00bb4.27.4&#8243; _module_preset=\u00bbdefault\u00bb background_color=\u00bbgcid-ac604ccf-913b-415a-bc09-d01fcf4084df\u00bb custom_padding=\u00bb0px||0px||false|false\u00bb collapsed=\u00bbon\u00bb global_colors_info=\u00bb{%22gcid-ac604ccf-913b-415a-bc09-d01fcf4084df%22:%91%22background_color%22%93}\u00bb][et_pb_row _builder_version=\u00bb4.27.4&#8243; _module_preset=\u00bbdefault\u00bb custom_margin=\u00bb||||false|false\u00bb custom_padding=\u00bb0px||0px||true|false\u00bb global_colors_info=\u00bb{}\u00bb][et_pb_column type=\u00bb4_4&#8243; _builder_version=\u00bb4.27.4&#8243; _module_preset=\u00bbdefault\u00bb global_colors_info=\u00bb{}\u00bb][et_pb_image src=\u00bbhttps:\/\/enlinea.unsch.edu.pe\/wp-content\/uploads\/2025\/06\/logo-horizontal-png.png\u00bb title_text=\u00bbUNSCH\u00bb url=\u00bbhttps:\/\/enlinea.unsch.edu.pe\/\u00bb align=\u00bbcenter\u00bb _builder_version=\u00bb4.27.4&#8243; _module_preset=\u00bbdefault\u00bb width=\u00bb30%\u00bb global_colors_info=\u00bb{}\u00bb][\/et_pb_image][\/et_pb_column][\/et_pb_row][et_pb_row _builder_version=\u00bb4.27.4&#8243; _module_preset=\u00bbdefault\u00bb background_color=\u00bb#5c0000&#8243; border_radii=\u00bbon|20px|20px|20px|20px\u00bb global_colors_info=\u00bb{}\u00bb][et_pb_column type=\u00bb4_4&#8243; _builder_version=\u00bb4.27.4&#8243; _module_preset=\u00bbdefault\u00bb global_colors_info=\u00bb{}\u00bb][et_pb_heading title=\u00bbMisi\u00f3n y Objetivos Institucionales\u00bb _builder_version=\u00bb4.27.4&#8243; _module_preset=\u00bbdefault\u00bb title_font=\u00bbGeometra|||on|||||\u00bb title_text_align=\u00bbcenter\u00bb title_text_color=\u00bb#FFFFFF\u00bb title_text_shadow_style=\u00bbpreset3&#8243; title_text_shadow_color=\u00bb#000000&#8243; text_shadow_style=\u00bbpreset3&#8243; text_shadow_color=\u00bb#000000&#8243; global_colors_info=\u00bb{}\u00bb][\/et_pb_heading][\/et_pb_column][\/et_pb_row][et_pb_row column_structure=\u00bb1_3,2_3&#8243; _builder_version=\u00bb4.27.4&#8243; _module_preset=\u00bbdefault\u00bb max_width=\u00bb1280px\u00bb global_colors_info=\u00bb{}\u00bb][et_pb_column type=\u00bb1_3&#8243; _builder_version=\u00bb4.25.1&#8243; _module_preset=\u00bbdefault\u00bb global_colors_info=\u00bb{}\u00bb][et_pb_heading title=\u00bbPrincipios\u00bb _builder_version=\u00bb4.27.4&#8243; _module_preset=\u00bbde02036b-5862-419a-adce-44ff7d154b29&#8243; title_font=\u00bbJustinian 22|700|||||||\u00bb title_text_color=\u00bb#5c0000&#8243; global_colors_info=\u00bb{}\u00bb][\/et_pb_heading][\/et_pb_column][et_pb_column type=\u00bb2_3&#8243; _builder_version=\u00bb4.25.1&#8243; _module_preset=\u00bbdefault\u00bb global_colors_info=\u00bb{}\u00bb][et_pb_text _builder_version=\u00bb4.27.4&#8243; _module_preset=\u00bba1b954ec-7a46-42b4-b658-2879a04f0792&#8243; text_font=\u00bbSwiss LT||||||||\u00bb text_text_color=\u00bbgcid-86ee591c-4da3-4dac-accf-8ac43e888cc3&#8243; global_colors_info=\u00bb{%22gcid-5ce2ff5c-ec55-4afe-b04f-cda004e53cb8%22:%91%22link_text_color%22,%22quote_text_color%22,%22quote_border_color%22%93,%22gcid-86ee591c-4da3-4dac-accf-8ac43e888cc3%22:%91%22text_text_color%22%93}\u00bb]<\/p>\n<p style=\"text-align: justify;\">La Universidad Nacional de San Crist\u00f3bal de Huamanga se rige por el principio de: La b\u00fasqueda y difusi\u00f3n de la verdad y promoci\u00f3n de la justicia. La calidad acad\u00e9mica y su mejoramiento continuo. El esp\u00edritu cr\u00edtico y de investigaci\u00f3n. La afirmaci\u00f3n de intereses y valores nacionales. La defensa de los Derechos Humanos y el Desarrollo Social. La libertad de c\u00e1tedra, pensamiento y expresi\u00f3n; con pluralismo, tolerancia, di\u00e1logo intercultural e inclusi\u00f3n social. La autonom\u00eda inherente a su esencia y finalidad. La pertinencia y compromiso con el desarrollo del pa\u00eds. La afirmaci\u00f3n de la vida y dignidad humana. La creatividad e innovaci\u00f3n. La democracia institucional. El justo reconocimiento al m\u00e9rito. El inter\u00e9s superior del estudiante. La pertinencia de la ense\u00f1anza e investigaci\u00f3n con la realidad social. El rechazo a toda forma de violencia, intolerancia y discriminaci\u00f3n. La \u00e9tica profesional y moral p\u00fablica. La b\u00fasqueda de la excelencia acad\u00e9mica, profesional, cient\u00edfica y tecnol\u00f3gica. La internacionalizaci\u00f3n y la gratuidad de la ense\u00f1anza en armon\u00eda con la Constituci\u00f3n Pol\u00edtica del Per\u00fa y la Ley Universitaria, Ley N\u00b0 30220 y el Estatuto de la UNSCH v.2.0-2016.<\/p>\n<p>[\/et_pb_text][\/et_pb_column][\/et_pb_row][\/et_pb_section][et_pb_section fb_built=\u00bb1&#8243; admin_label=\u00bbCall to Action\u00bb _builder_version=\u00bb4.27.4&#8243; _module_preset=\u00bbdefault\u00bb use_background_color_gradient=\u00bbon\u00bb background_color_gradient_direction=\u00bb90deg\u00bb background_color_gradient_stops=\u00bb#000000 0%|rgba(0,0,0,0.5) 100%\u00bb background_color_gradient_overlays_image=\u00bbon\u00bb background_image=\u00bbhttps:\/\/enlinea.unsch.edu.pe\/wp-content\/uploads\/2025\/05\/WhatsApp-Image-2025-05-20-at-10.37.02-AM.jpeg\u00bb collapsed=\u00bbon\u00bb global_colors_info=\u00bb{}\u00bb][et_pb_row column_structure=\u00bb3_4,1_4&#8243; _builder_version=\u00bb4.27.4&#8243; _module_preset=\u00bbdefault\u00bb max_width=\u00bb1280px\u00bb global_colors_info=\u00bb{}\u00bb][et_pb_column type=\u00bb3_4&#8243; _builder_version=\u00bb4.27.4&#8243; _module_preset=\u00bbdefault\u00bb global_colors_info=\u00bb{}\u00bb][et_pb_text _builder_version=\u00bb4.27.4&#8243; _module_preset=\u00bba1b954ec-7a46-42b4-b658-2879a04f0792&#8243; text_font=\u00bbSwiss LT||||||||\u00bb text_text_color=\u00bb#FFFFFF\u00bb global_colors_info=\u00bb{%22gcid-5ce2ff5c-ec55-4afe-b04f-cda004e53cb8%22:%91%22link_text_color%22,%22quote_text_color%22,%22quote_border_color%22,%22link_text_color%22,%22quote_text_color%22,%22quote_border_color%22%93}\u00bb]<\/p>\n<p style=\"text-align: center;\"><em>\u201cFormar profesionales competitivos\u00a0 mediante una educaci\u00f3n integral de calidad basada en la generaci\u00f3n de conocimientos\u00a0 de investigaci\u00f3n cient\u00edfica, human\u00edstico y con innovaci\u00f3n en los estudiantes universitarios, con sentido cr\u00edtico, creativo y emprendedor, con valores \u00e9ticos, y sentido de responsabilidad social, con enfoque intercultural y ambiental, para contribuir al desarrollo sostenible de la regi\u00f3n y la naci\u00f3n\u201d.<\/em><\/p>\n<p>[\/et_pb_text][\/et_pb_column][et_pb_column type=\u00bb1_4&#8243; _builder_version=\u00bb4.25.1&#8243; _module_preset=\u00bbdefault\u00bb global_colors_info=\u00bb{}\u00bb][et_pb_heading title=\u00bbMisi\u00f3n\u00bb _builder_version=\u00bb4.27.4&#8243; _module_preset=\u00bbde02036b-5862-419a-adce-44ff7d154b29&#8243; title_font=\u00bbJustinian 22|700|||||||\u00bb title_text_color=\u00bb#e5e6e6&#8243; title_text_shadow_style=\u00bbpreset4&#8243; title_text_shadow_horizontal_length=\u00bb0.3em\u00bb title_text_shadow_vertical_length=\u00bb-0.25em\u00bb global_colors_info=\u00bb{}\u00bb][\/et_pb_heading][\/et_pb_column][\/et_pb_row][\/et_pb_section][et_pb_section fb_built=\u00bb1&#8243; admin_label=\u00bbMenu\u00bb _builder_version=\u00bb4.27.4&#8243; _module_preset=\u00bbdefault\u00bb custom_padding=\u00bb20px||0px||false|false\u00bb collapsed=\u00bbon\u00bb global_colors_info=\u00bb{}\u00bb][et_pb_row column_structure=\u00bb1_2,1_2&#8243; _builder_version=\u00bb4.27.4&#8243; _module_preset=\u00bbdefault\u00bb width=\u00bb70%\u00bb global_colors_info=\u00bb{}\u00bb][et_pb_column type=\u00bb1_2&#8243; _builder_version=\u00bb4.25.1&#8243; _module_preset=\u00bbdefault\u00bb global_colors_info=\u00bb{}\u00bb][et_pb_heading title=\u00bbPlan Estrat\u00e9gico Institucional (PEI)  2025-2030&#8243; _builder_version=\u00bb4.27.4&#8243; _module_preset=\u00bbde02036b-5862-419a-adce-44ff7d154b29&#8243; title_font=\u00bbSwiss Black|700|||||||\u00bb title_text_align=\u00bbcenter\u00bb title_text_color=\u00bb#5c0000&#8243; title_font_size=\u00bb35px\u00bb global_colors_info=\u00bb{}\u00bb][\/et_pb_heading][et_pb_text _builder_version=\u00bb4.27.4&#8243; _module_preset=\u00bba1b954ec-7a46-42b4-b658-2879a04f0792&#8243; text_orientation=\u00bbcenter\u00bb custom_margin=\u00bb||20px||false|false\u00bb global_colors_info=\u00bb{}\u00bb]<\/p>\n<p style=\"text-align: justify;\">En el marco de las disposiciones legales y metodol\u00f3gicas establecidas por el Centro Nacional de Planeamiento Estrat\u00e9gico (CEPLAN), y a la necesidad de contar con un instrumento que oriente la gesti\u00f3n en el corto plazo, la Universidad Nacional de San Crist\u00f3bal de Huamanga, ha formulado el Plan Estrat\u00e9gico Institucional (PEI) 2025-2030, documento importante donde se plasman los objetivos a corto y mediano plazo, ejes estrat\u00e9gicos institucionales y las principales l\u00edneas de acci\u00f3n para el cierre de brechas de atenci\u00f3n en t\u00e9rminos de cobertura y calidad, para las decisiones futura de nuestra universidad, y con prop\u00f3sito primordial como instituci\u00f3n comprometida en la excelencia acad\u00e9mica, la investigaci\u00f3n, la responsabilidad social y la gesti\u00f3n universitaria.<\/p>\n<p>[\/et_pb_text][et_pb_button button_url=\u00bbhttps:\/\/enlinea2.unsch.edu.pe\/new_transparencia\/wp-content\/uploads\/2025\/06\/RCU-N\u00b0-1380-2025-UNSCH-CU.pdf\u00bb url_new_window=\u00bbon\u00bb button_text=\u00bbVer pdf\u00bb button_alignment=\u00bbcenter\u00bb _builder_version=\u00bb4.27.4&#8243; _module_preset=\u00bbdefault\u00bb filter_hue_rotate=\u00bb9deg\u00bb hover_enabled=\u00bb0&#8243; box_shadow_style=\u00bbpreset1&#8243; global_colors_info=\u00bb{}\u00bb sticky_enabled=\u00bb0&#8243;][\/et_pb_button][et_pb_text _builder_version=\u00bb4.27.4&#8243; _module_preset=\u00bbdefault\u00bb hover_enabled=\u00bb0&#8243; sticky_enabled=\u00bb0&#8243; custom_padding=\u00bb||||false|false\u00bb custom_margin=\u00bb||0px||false|false\u00bb]<\/p>\n<p>PEI anteriores:<\/p>\n<p>[\/et_pb_text][et_pb_text _builder_version=\u00bb4.27.4&#8243; _module_preset=\u00bbdefault\u00bb text_text_color=\u00bb#5c0000&#8243; link_option_url=\u00bbhttps:\/\/enlinea.unsch.edu.pe\/wp-content\/uploads\/2025\/06\/RCU-N\u00b0-1183-2024-UNSCH-CU-PEI-AMPLIADO-2021-2027_min.pdf\u00bb link_option_url_new_window=\u00bbon\u00bb global_colors_info=\u00bb{}\u00bb]<\/p>\n<p>&#8211; PEI Ampliado 2021-2027 (pdf)<\/p>\n<p>[\/et_pb_text][\/et_pb_column][et_pb_column type=\u00bb1_2&#8243; _builder_version=\u00bb4.27.4&#8243; _module_preset=\u00bbdefault\u00bb background_enable_image=\u00bboff\u00bb global_colors_info=\u00bb{}\u00bb][et_pb_image src=\u00bbhttps:\/\/enlinea.unsch.edu.pe\/wp-content\/uploads\/2025\/06\/PEI-AMPLIADO-2025-2030.jpg\u00bb title_text=\u00bbPEI AMPLIADO 2025-2030&#8243; _builder_version=\u00bb4.27.4&#8243; _module_preset=\u00bbdefault\u00bb global_colors_info=\u00bb{}\u00bb][\/et_pb_image][\/et_pb_column][\/et_pb_row][et_pb_row _builder_version=\u00bb4.27.4&#8243; _module_preset=\u00bbdefault\u00bb custom_padding=\u00bb||5px||false|false\u00bb global_colors_info=\u00bb{}\u00bb][et_pb_column type=\u00bb4_4&#8243; _builder_version=\u00bb4.27.4&#8243; _module_preset=\u00bbdefault\u00bb global_colors_info=\u00bb{}\u00bb][dsm_text_divider header=\u00bbOBJETIVOS ESTRAT\u00c9GICOS INSTITUCIONALES\u00bb text_alignment=\u00bbleft\u00bb color=\u00bb#5c0000&#8243; divider_position=\u00bbflex-end\u00bb _builder_version=\u00bb4.27.4&#8243; _module_preset=\u00bbdefault\u00bb header_font=\u00bbSwiss Bold|||on|||||\u00bb header_text_color=\u00bb#5c0000&#8243; global_colors_info=\u00bb{}\u00bb][\/dsm_text_divider][et_pb_text _builder_version=\u00bb4.27.4&#8243; _module_preset=\u00bba1b954ec-7a46-42b4-b658-2879a04f0792&#8243; text_orientation=\u00bbcenter\u00bb custom_margin=\u00bb||10px||false|false\u00bb global_colors_info=\u00bb{}\u00bb]<\/p>\n<p style=\"text-align: left;\">Como resultado del proceso de formulaci\u00f3n del Plan Estrat\u00e9gico Institucional, se han definido cuatro (04) objetivos estrat\u00e9gicos institucionales bajo el siguiente detalle:<\/p>\n<p>[\/et_pb_text][\/et_pb_column][\/et_pb_row][et_pb_row _builder_version=\u00bb4.25.1&#8243; _module_preset=\u00bbdefault\u00bb max_width=\u00bb800px\u00bb global_colors_info=\u00bb{}\u00bb][et_pb_column type=\u00bb4_4&#8243; _builder_version=\u00bb4.25.1&#8243; _module_preset=\u00bbdefault\u00bb global_colors_info=\u00bb{}\u00bb][et_pb_heading title=\u00bb- FORMACI\u00d3N PROFESIONAL -\u00bb _builder_version=\u00bb4.27.4&#8243; _module_preset=\u00bb8de6e572-cc1f-43ca-bdcf-8139a02876f7&#8243; title_font=\u00bbSwiss Black|200|||||||\u00bb title_text_align=\u00bbcenter\u00bb title_text_color=\u00bb#a80000&#8243; custom_margin=\u00bb||0px||false|false\u00bb locked=\u00bboff\u00bb global_colors_info=\u00bb{}\u00bb][\/et_pb_heading][et_pb_text _builder_version=\u00bb4.27.4&#8243; _module_preset=\u00bba1b954ec-7a46-42b4-b658-2879a04f0792&#8243; text_orientation=\u00bbcenter\u00bb custom_margin=\u00bb||10px||false|false\u00bb global_colors_info=\u00bb{}\u00bb]<\/p>\n<p>Fortalecer las condiciones de calidad acad\u00e9mica e integral de los estudiantes<br \/>universitarios.<\/p>\n<p>[\/et_pb_text][et_pb_text _builder_version=\u00bb4.27.4&#8243; _module_preset=\u00bba1b954ec-7a46-42b4-b658-2879a04f0792&#8243; text_orientation=\u00bbcenter\u00bb global_colors_info=\u00bb{}\u00bb]<\/p>\n<p>OEI.01<\/p>\n<p>[\/et_pb_text][\/et_pb_column][\/et_pb_row][et_pb_row _builder_version=\u00bb4.25.1&#8243; _module_preset=\u00bbdefault\u00bb max_width=\u00bb800px\u00bb global_colors_info=\u00bb{}\u00bb][et_pb_column type=\u00bb4_4&#8243; _builder_version=\u00bb4.25.1&#8243; _module_preset=\u00bbdefault\u00bb global_colors_info=\u00bb{}\u00bb][et_pb_heading title=\u00bb- INVESTIGACI\u00d3N -\u00bb _builder_version=\u00bb4.27.4&#8243; _module_preset=\u00bb8de6e572-cc1f-43ca-bdcf-8139a02876f7&#8243; title_font=\u00bbSwiss Black|700|||||||\u00bb title_text_align=\u00bbcenter\u00bb title_text_color=\u00bb#a80000&#8243; custom_margin=\u00bb||0px||false|false\u00bb locked=\u00bboff\u00bb global_colors_info=\u00bb{}\u00bb][\/et_pb_heading][et_pb_text _builder_version=\u00bb4.27.4&#8243; _module_preset=\u00bba1b954ec-7a46-42b4-b658-2879a04f0792&#8243; text_orientation=\u00bbcenter\u00bb custom_margin=\u00bb||10px||false|false\u00bb global_colors_info=\u00bb{}\u00bb]<\/p>\n<p>Promover la investigaci\u00f3n cient\u00edfica, desarrollo, innovaci\u00f3n y emprendimiento en la comunidad universitaria.<\/p>\n<p>[\/et_pb_text][et_pb_text _builder_version=\u00bb4.27.4&#8243; _module_preset=\u00bba1b954ec-7a46-42b4-b658-2879a04f0792&#8243; text_orientation=\u00bbcenter\u00bb global_colors_info=\u00bb{}\u00bb]<\/p>\n<p>OEI.02<\/p>\n<p>[\/et_pb_text][\/et_pb_column][\/et_pb_row][et_pb_row _builder_version=\u00bb4.25.1&#8243; _module_preset=\u00bbdefault\u00bb max_width=\u00bb800px\u00bb global_colors_info=\u00bb{}\u00bb][et_pb_column type=\u00bb4_4&#8243; _builder_version=\u00bb4.25.1&#8243; _module_preset=\u00bbdefault\u00bb global_colors_info=\u00bb{}\u00bb][et_pb_heading title=\u00bb- EXTENSI\u00d3N CULTURAL Y PROYECCI\u00d3N SOCIAL -\u00bb _builder_version=\u00bb4.27.4&#8243; _module_preset=\u00bb8de6e572-cc1f-43ca-bdcf-8139a02876f7&#8243; title_font=\u00bbSwiss Black|700|||||||\u00bb title_text_align=\u00bbcenter\u00bb title_text_color=\u00bb#a80000&#8243; custom_margin=\u00bb||0px||false|false\u00bb locked=\u00bboff\u00bb global_colors_info=\u00bb{}\u00bb][\/et_pb_heading][et_pb_text _builder_version=\u00bb4.27.4&#8243; _module_preset=\u00bba1b954ec-7a46-42b4-b658-2879a04f0792&#8243; text_orientation=\u00bbcenter\u00bb custom_margin=\u00bb||10px||false|false\u00bb global_colors_info=\u00bb{}\u00bb]<\/p>\n<p>Fortalecer la responsabilidad social, y la extensi\u00f3n universitaria en la comunidad universitaria y la sociedad.<\/p>\n<p>[\/et_pb_text][et_pb_text _builder_version=\u00bb4.27.4&#8243; _module_preset=\u00bba1b954ec-7a46-42b4-b658-2879a04f0792&#8243; text_orientation=\u00bbcenter\u00bb global_colors_info=\u00bb{}\u00bb]<\/p>\n<p>OEI.03<\/p>\n<p>[\/et_pb_text][\/et_pb_column][\/et_pb_row][et_pb_row _builder_version=\u00bb4.25.1&#8243; _module_preset=\u00bbdefault\u00bb max_width=\u00bb800px\u00bb global_colors_info=\u00bb{}\u00bb][et_pb_column type=\u00bb4_4&#8243; _builder_version=\u00bb4.25.1&#8243; _module_preset=\u00bbdefault\u00bb global_colors_info=\u00bb{}\u00bb][et_pb_heading title=\u00bb- GESTI\u00d3N INSTITUCIONAL -\u00bb _builder_version=\u00bb4.27.4&#8243; _module_preset=\u00bb8de6e572-cc1f-43ca-bdcf-8139a02876f7&#8243; title_font=\u00bbSwiss Black|700|||||||\u00bb title_text_align=\u00bbcenter\u00bb title_text_color=\u00bb#a80000&#8243; custom_margin=\u00bb||0px||false|false\u00bb locked=\u00bboff\u00bb global_colors_info=\u00bb{}\u00bb][\/et_pb_heading][et_pb_text _builder_version=\u00bb4.27.4&#8243; _module_preset=\u00bba1b954ec-7a46-42b4-b658-2879a04f0792&#8243; text_orientation=\u00bbcenter\u00bb custom_margin=\u00bb||10px||false|false\u00bb global_colors_info=\u00bb{}\u00bb]<\/p>\n<p>Modernizar la gesti\u00f3n institucional.<\/p>\n<p>[\/et_pb_text][et_pb_text _builder_version=\u00bb4.27.4&#8243; _module_preset=\u00bba1b954ec-7a46-42b4-b658-2879a04f0792&#8243; text_orientation=\u00bbcenter\u00bb global_colors_info=\u00bb{}\u00bb]<\/p>\n<p>OEI.04<\/p>\n<p>[\/et_pb_text][\/et_pb_column][\/et_pb_row][\/et_pb_section]<\/p>\n","protected":false},"excerpt":{"rendered":"<p>La Universidad Nacional de San Crist\u00f3bal de Huamanga se rige por el principio de: La b\u00fasqueda y difusi\u00f3n de la verdad y promoci\u00f3n de la justicia. La calidad acad\u00e9mica y su mejoramiento continuo. El esp\u00edritu cr\u00edtico y de investigaci\u00f3n. La afirmaci\u00f3n de intereses y valores nacionales. La defensa de los Derechos Humanos y el Desarrollo [&hellip;]<\/p>\n","protected":false},"author":1,"featured_media":0,"parent":0,"menu_order":0,"comment_status":"closed","ping_status":"closed","template":"","meta":{"_et_pb_use_builder":"on","_et_pb_old_content":"","_et_gb_content_width":"","footnotes":""},"class_list":["post-793","page","type-page","status-publish","hentry"],"publishpress_future_action":{"enabled":false,"date":"2026-04-25 01:32:14","action":"change-status","newStatus":"draft","terms":[],"taxonomy":"","extraData":[]},"publishpress_future_workflow_manual_trigger":{"enabledWorkflows":[]},"_links":{"self":[{"href":"https:\/\/enlinea.unsch.edu.pe\/index.php\/wp-json\/wp\/v2\/pages\/793","targetHints":{"allow":["GET"]}}],"collection":[{"href":"https:\/\/enlinea.unsch.edu.pe\/index.php\/wp-json\/wp\/v2\/pages"}],"about":[{"href":"https:\/\/enlinea.unsch.edu.pe\/index.php\/wp-json\/wp\/v2\/types\/page"}],"author":[{"embeddable":true,"href":"https:\/\/enlinea.unsch.edu.pe\/index.php\/wp-json\/wp\/v2\/users\/1"}],"replies":[{"embeddable":true,"href":"https:\/\/enlinea.unsch.edu.pe\/index.php\/wp-json\/wp\/v2\/comments?post=793"}],"version-history":[{"count":16,"href":"https:\/\/enlinea.unsch.edu.pe\/index.php\/wp-json\/wp\/v2\/pages\/793\/revisions"}],"predecessor-version":[{"id":3279,"href":"https:\/\/enlinea.unsch.edu.pe\/index.php\/wp-json\/wp\/v2\/pages\/793\/revisions\/3279"}],"wp:attachment":[{"href":"https:\/\/enlinea.unsch.edu.pe\/index.php\/wp-json\/wp\/v2\/media?parent=793"}],"curies":[{"name":"wp","href":"https:\/\/api.w.org\/{rel}","templated":true}]}}