{"id":803,"date":"2024-01-30T15:40:57","date_gmt":"2024-01-30T20:40:57","guid":{"rendered":"https:\/\/enlinea.unsch.edu.pe\/?page_id=803"},"modified":"2025-06-04T16:14:13","modified_gmt":"2025-06-04T21:14:13","slug":"resena-historica","status":"publish","type":"page","link":"https:\/\/enlinea.unsch.edu.pe\/index.php\/resena-historica\/","title":{"rendered":"Rese\u00f1a Hist\u00f3rica"},"content":{"rendered":"<p>[et_pb_section fb_built=\u00bb1&#8243; admin_label=\u00bbHeader\u00bb _builder_version=\u00bb4.23.2&#8243; _module_preset=\u00bbdefault\u00bb background_color=\u00bbgcid-fc7afca1-7302-4e55-829d-3d445387c282&#8243; custom_padding=\u00bb0px||0px||true|false\u00bb collapsed=\u00bbon\u00bb global_colors_info=\u00bb{%22gcid-fc7afca1-7302-4e55-829d-3d445387c282%22:%91%22background_color%22%93}\u00bb theme_builder_area=\u00bbpost_content\u00bb][et_pb_row _builder_version=\u00bb4.27.4&#8243; _module_preset=\u00bbdefault\u00bb custom_margin=\u00bb||||false|false\u00bb custom_padding=\u00bb0px||0px||true|false\u00bb global_colors_info=\u00bb{}\u00bb theme_builder_area=\u00bbpost_content\u00bb][et_pb_column type=\u00bb4_4&#8243; _builder_version=\u00bb4.27.4&#8243; _module_preset=\u00bbdefault\u00bb global_colors_info=\u00bb{}\u00bb theme_builder_area=\u00bbpost_content\u00bb][et_pb_image src=\u00bbhttps:\/\/enlinea.unsch.edu.pe\/wp-content\/uploads\/2025\/06\/logo-horizontal-png.png\u00bb title_text=\u00bblogo horizontal png\u00bb align=\u00bbcenter\u00bb _builder_version=\u00bb4.27.4&#8243; _module_preset=\u00bbdefault\u00bb width=\u00bb30%\u00bb global_colors_info=\u00bb{}\u00bb theme_builder_area=\u00bbpost_content\u00bb][\/et_pb_image][\/et_pb_column][\/et_pb_row][et_pb_row _builder_version=\u00bb4.27.4&#8243; _module_preset=\u00bbdefault\u00bb background_color=\u00bb#5c0000&#8243; hover_enabled=\u00bb0&#8243; global_colors_info=\u00bb{}\u00bb theme_builder_area=\u00bbpost_content\u00bb border_radii=\u00bbon|20px|20px|20px|20px\u00bb sticky_enabled=\u00bb0&#8243;][et_pb_column type=\u00bb4_4&#8243; _builder_version=\u00bb4.27.4&#8243; _module_preset=\u00bbdefault\u00bb global_colors_info=\u00bb{}\u00bb theme_builder_area=\u00bbpost_content\u00bb][et_pb_heading title=\u00bbRese\u00f1a Hist\u00f3rica\u00bb _builder_version=\u00bb4.27.4&#8243; _module_preset=\u00bbdefault\u00bb title_font=\u00bbGeometra|||on|||||\u00bb title_text_align=\u00bbcenter\u00bb title_text_color=\u00bb#FFFFFF\u00bb hover_enabled=\u00bb0&#8243; title_text_shadow_style=\u00bbpreset3&#8243; title_text_shadow_color=\u00bb#000000&#8243; text_shadow_style=\u00bbpreset3&#8243; text_shadow_color=\u00bb#000000&#8243; global_colors_info=\u00bb{}\u00bb theme_builder_area=\u00bbpost_content\u00bb sticky_enabled=\u00bb0&#8243;][\/et_pb_heading][\/et_pb_column][\/et_pb_row][\/et_pb_section][et_pb_section fb_built=\u00bb1&#8243; admin_label=\u00bbVideo\u00bb _builder_version=\u00bb4.27.4&#8243; _module_preset=\u00bbdefault\u00bb background_color=\u00bbgcid-fc7afca1-7302-4e55-829d-3d445387c282&#8243; hover_enabled=\u00bb0&#8243; collapsed=\u00bbon\u00bb global_colors_info=\u00bb{%22gcid-fc7afca1-7302-4e55-829d-3d445387c282%22:%91%22background_color%22%93}\u00bb theme_builder_area=\u00bbpost_content\u00bb custom_padding=\u00bb0px||||false|false\u00bb sticky_enabled=\u00bb0&#8243;][et_pb_row _builder_version=\u00bb4.27.4&#8243; _module_preset=\u00bbdefault\u00bb theme_builder_area=\u00bbpost_content\u00bb hover_enabled=\u00bb0&#8243; sticky_enabled=\u00bb0&#8243;][et_pb_column _builder_version=\u00bb4.27.4&#8243; _module_preset=\u00bbdefault\u00bb type=\u00bb4_4&#8243; theme_builder_area=\u00bbpost_content\u00bb][et_pb_image src=\u00bbhttps:\/\/enlinea.unsch.edu.pe\/wp-content\/uploads\/2025\/06\/reseniaHistorica.jpg\u00bb _builder_version=\u00bb4.27.4&#8243; _module_preset=\u00bbdefault\u00bb theme_builder_area=\u00bbpost_content\u00bb title_text=\u00bbreseniaHistorica\u00bb hover_enabled=\u00bb0&#8243; sticky_enabled=\u00bb0&#8243; align=\u00bbcenter\u00bb][\/et_pb_image][et_pb_text _builder_version=\u00bb4.27.4&#8243; _module_preset=\u00bbdefault\u00bb theme_builder_area=\u00bbpost_content\u00bb hover_enabled=\u00bb0&#8243; sticky_enabled=\u00bb0&#8243; text_font=\u00bbSwiss LT||||||||\u00bb text_font_size=\u00bb20px\u00bb text_line_height=\u00bb1.6em\u00bb text_orientation=\u00bbjustified\u00bb text_text_color=\u00bb#000000&#8243;]<\/p>\n<p>Con auspicios de la corona espa\u00f1ola y del Poder Pontificio, el 3 de julio de 1677 el obispo de la Di\u00f3cesis de Huamanga, don Crist\u00f3bal de Castilla y Zamora, fund\u00f3 la \u00abUniversitas Guamangensis Sancti Christhophosi\u00bb, destinando los diversos ambientes de su espacioso Palacio Episcopal para que sirviera como lugar donde se iban a formar los futuros bachilleres y doctores que deber\u00edan conjurar la suma pobreza de Huamanga, la Tierra de los Halcones.<br \/>Clausurada en 1886 y reabierta 80 a\u00f1os despu\u00e9s, reiniciando sus labores acad\u00e9micas el 3 de julio de 1959 como \u00abUniversidad Nacional de San Crist\u00f3bal de Huamanga\u00bb.<br \/>Como pocas universidades en nuestro pa\u00eds, la de Huamanga ostenta el sello hist\u00f3rico de \u00abReal, Pontificia y Nacional\u00bb, y como principio inspirador fundacional la unidad dial\u00e9ctica \u00abPrimum vivere, deinde philosophari\u00bb, que recoge el concepto de la \u00abexperiencia, madre de la ciencia\u00bb, fundamento que le permite seguir luchando contra la \u00abextrema pobreza y la pobreza interior de los nombres\u00bb.<br \/>Los m\u00e1s de trescientos a\u00f1os de existencia de la Universidad Nacional de San Crist\u00f3bal de Huamanga han dejado una huella indeleble en la regi\u00f3n, el pa\u00eds y por qu\u00e9 no decirlo, en la comunidad internacional. Sus incontables egresados, cumplen, unos, sus deberes ciudadanos ocupando puestos destacables en gobiernos locales como estatales contribuyendo al liderazgo institucional y, otros, llevan a cabo investigaciones de vanguardia en la tem\u00e1tica cient\u00edfica y social, como la del desciframiento del genoma de la papa, que forma parte de uno de los estudios m\u00e1s importantes de las \u00faltimas d\u00e9cadas.<\/p>\n<p>[\/et_pb_text][\/et_pb_column][\/et_pb_row][et_pb_row _builder_version=\u00bb4.23.2&#8243; _module_preset=\u00bbdefault\u00bb global_colors_info=\u00bb{}\u00bb theme_builder_area=\u00bbpost_content\u00bb][et_pb_column type=\u00bb4_4&#8243; _builder_version=\u00bb4.23.2&#8243; _module_preset=\u00bbdefault\u00bb global_colors_info=\u00bb{}\u00bb theme_builder_area=\u00bbpost_content\u00bb][et_pb_video src=\u00bbhttps:\/\/www.youtube.com\/watch?v=m203k5y6N8A\u00bb image_src=\u00bb\/\/i.ytimg.com\/vi\/m203k5y6N8A\/hqdefault.jpg\u00bb _builder_version=\u00bb4.27.4&#8243; _module_preset=\u00bbdefault\u00bb hover_enabled=\u00bb0&#8243; global_colors_info=\u00bb{}\u00bb theme_builder_area=\u00bbpost_content\u00bb sticky_enabled=\u00bb0&#8243;][\/et_pb_video][\/et_pb_column][\/et_pb_row][\/et_pb_section]<\/p>\n","protected":false},"excerpt":{"rendered":"<p>Con auspicios de la corona espa\u00f1ola y del Poder Pontificio, el 3 de julio de 1677 el obispo de la Di\u00f3cesis de Huamanga, don Crist\u00f3bal de Castilla y Zamora, fund\u00f3 la \u00abUniversitas Guamangensis Sancti Christhophosi\u00bb, destinando los diversos ambientes de su espacioso Palacio Episcopal para que sirviera como lugar donde se iban a formar los [&hellip;]<\/p>\n","protected":false},"author":1,"featured_media":0,"parent":0,"menu_order":0,"comment_status":"closed","ping_status":"closed","template":"","meta":{"_et_pb_use_builder":"on","_et_pb_old_content":"","_et_gb_content_width":"","footnotes":""},"class_list":["post-803","page","type-page","status-publish","hentry"],"publishpress_future_action":{"enabled":false,"date":"2026-04-18 16:09:51","action":"change-status","newStatus":"draft","terms":[],"taxonomy":"","extraData":[]},"publishpress_future_workflow_manual_trigger":{"enabledWorkflows":[]},"_links":{"self":[{"href":"https:\/\/enlinea.unsch.edu.pe\/index.php\/wp-json\/wp\/v2\/pages\/803","targetHints":{"allow":["GET"]}}],"collection":[{"href":"https:\/\/enlinea.unsch.edu.pe\/index.php\/wp-json\/wp\/v2\/pages"}],"about":[{"href":"https:\/\/enlinea.unsch.edu.pe\/index.php\/wp-json\/wp\/v2\/types\/page"}],"author":[{"embeddable":true,"href":"https:\/\/enlinea.unsch.edu.pe\/index.php\/wp-json\/wp\/v2\/users\/1"}],"replies":[{"embeddable":true,"href":"https:\/\/enlinea.unsch.edu.pe\/index.php\/wp-json\/wp\/v2\/comments?post=803"}],"version-history":[{"count":3,"href":"https:\/\/enlinea.unsch.edu.pe\/index.php\/wp-json\/wp\/v2\/pages\/803\/revisions"}],"predecessor-version":[{"id":2763,"href":"https:\/\/enlinea.unsch.edu.pe\/index.php\/wp-json\/wp\/v2\/pages\/803\/revisions\/2763"}],"wp:attachment":[{"href":"https:\/\/enlinea.unsch.edu.pe\/index.php\/wp-json\/wp\/v2\/media?parent=803"}],"curies":[{"name":"wp","href":"https:\/\/api.w.org\/{rel}","templated":true}]}}